{"id":3040,"date":"2026-02-12T16:49:21","date_gmt":"2026-02-12T15:49:21","guid":{"rendered":"https:\/\/agromed.at\/?page_id=3040"},"modified":"2026-02-12T16:49:21","modified_gmt":"2026-02-12T15:49:21","slug":"pie-de-imprenta","status":"publish","type":"page","link":"https:\/\/www.agromed.at\/es\/pie-de-imprenta\/","title":{"rendered":"Pie de imprenta"},"content":{"rendered":"\t\t<div data-elementor-type=\"wp-page\" data-elementor-id=\"3040\" class=\"elementor elementor-3040 elementor-3038\" data-elementor-post-type=\"page\">\n\t\t\t\t<div class=\"elementor-element elementor-element-fd62b07 e-grid elementor-hidden-tablet elementor-hidden-mobile e-con-boxed e-con e-parent\" data-id=\"fd62b07\" data-element_type=\"container\" data-e-type=\"container\">\n\t\t\t\t\t<div class=\"e-con-inner\">\n\t\t\t\t<div class=\"elementor-element elementor-element-af2a6a3 elementor-hidden-tablet elementor-hidden-mobile elementor-nav-menu--dropdown-tablet elementor-nav-menu__text-align-aside elementor-nav-menu--toggle elementor-nav-menu--burger elementor-widget elementor-widget-nav-menu\" data-id=\"af2a6a3\" data-element_type=\"widget\" data-e-type=\"widget\" data-settings=\"{&quot;layout&quot;:&quot;horizontal&quot;,&quot;submenu_icon&quot;:{&quot;value&quot;:&quot;&lt;svg aria-hidden=\\&quot;true\\&quot; class=\\&quot;e-font-icon-svg e-fas-caret-down\\&quot; viewBox=\\&quot;0 0 320 512\\&quot; xmlns=\\&quot;http:\\\/\\\/www.w3.org\\\/2000\\\/svg\\&quot;&gt;&lt;path d=\\&quot;M31.3 192h257.3c17.8 0 26.7 21.5 14.1 34.1L174.1 354.8c-7.8 7.8-20.5 7.8-28.3 0L17.2 226.1C4.6 213.5 13.5 192 31.3 192z\\&quot;&gt;&lt;\\\/path&gt;&lt;\\\/svg&gt;&quot;,&quot;library&quot;:&quot;fa-solid&quot;},&quot;toggle&quot;:&quot;burger&quot;}\" data-widget_type=\"nav-menu.default\">\n\t\t\t\t\t\t\t\t<nav aria-label=\"Men\u00fc\" class=\"elementor-nav-menu--main elementor-nav-menu__container elementor-nav-menu--layout-horizontal e--pointer-none\">\n\t\t\t\t<ul id=\"menu-1-af2a6a3\" class=\"elementor-nav-menu\"><li class=\"menu-item menu-item-type-custom menu-item-object-custom menu-item-has-children menu-item-4196\"><a class=\"elementor-item\">Qui\u00e9nes somos<\/a>\n<ul class=\"sub-menu elementor-nav-menu--dropdown\">\n\t<li class=\"menu-item menu-item-type-post_type menu-item-object-page menu-item-4197\"><a href=\"https:\/\/www.agromed.at\/es\/la-empresa\/\" class=\"elementor-sub-item\">La empresa<\/a><\/li>\n\t<li class=\"menu-item menu-item-type-post_type menu-item-object-page menu-item-4199\"><a href=\"https:\/\/www.agromed.at\/es\/investigacion-2\/\" class=\"elementor-sub-item\">Investigaci\u00f3n<\/a><\/li>\n\t<li class=\"menu-item menu-item-type-post_type menu-item-object-page menu-item-4200\"><a href=\"https:\/\/www.agromed.at\/es\/socios-exclusivos\/\" class=\"elementor-sub-item\">Socios exclusivos<\/a><\/li>\n\t<li class=\"menu-item menu-item-type-post_type menu-item-object-page menu-item-4201\"><a href=\"https:\/\/www.agromed.at\/es\/carrera-profesional\/\" class=\"elementor-sub-item\">Carrera profesional<\/a><\/li>\n\t<li class=\"menu-item menu-item-type-post_type menu-item-object-page menu-item-4202\"><a href=\"https:\/\/www.agromed.at\/es\/persona-de-contacto\/\" class=\"elementor-sub-item\">Persona de contacto<\/a><\/li>\n\t<li class=\"menu-item menu-item-type-post_type menu-item-object-page menu-item-5075\"><a href=\"https:\/\/www.agromed.at\/es\/patent-co-agromed\/\" class=\"elementor-sub-item\">A&#038;P Nutrition<\/a><\/li>\n<\/ul>\n<\/li>\n<li class=\"menu-item menu-item-type-custom menu-item-object-custom menu-item-has-children menu-item-4203\"><a class=\"elementor-item\">Especie<\/a>\n<ul class=\"sub-menu elementor-nav-menu--dropdown\">\n\t<li class=\"menu-item menu-item-type-post_type menu-item-object-page menu-item-4204\"><a href=\"https:\/\/www.agromed.at\/es\/cerdos-2\/\" class=\"elementor-sub-item\">Cerdos<\/a><\/li>\n\t<li class=\"menu-item menu-item-type-post_type menu-item-object-page menu-item-4205\"><a href=\"https:\/\/www.agromed.at\/es\/aves\/\" class=\"elementor-sub-item\">Aves<\/a><\/li>\n\t<li class=\"menu-item menu-item-type-post_type menu-item-object-page menu-item-4206\"><a href=\"https:\/\/www.agromed.at\/es\/cerdos\/\" class=\"elementor-sub-item\">Rumiantes<\/a><\/li>\n\t<li class=\"menu-item menu-item-type-post_type menu-item-object-page menu-item-4207\"><a href=\"https:\/\/www.agromed.at\/es\/mascotas\/\" class=\"elementor-sub-item\">Mascotas<\/a><\/li>\n<\/ul>\n<\/li>\n<li class=\"menu-item menu-item-type-custom menu-item-object-custom menu-item-has-children menu-item-4208\"><a class=\"elementor-item\">Producto<\/a>\n<ul class=\"sub-menu elementor-nav-menu--dropdown\">\n\t<li class=\"menu-item menu-item-type-custom menu-item-object-custom menu-item-has-children menu-item-4209\"><a class=\"elementor-sub-item\">MYCOTOXIN MANAGEMENT<\/a>\n\t<ul class=\"sub-menu elementor-nav-menu--dropdown\">\n\t\t<li class=\"menu-item menu-item-type-custom menu-item-object-custom menu-item-4231\"><a href=\"https:\/\/www.agromed.at\/es\/producto-internacional\/mycoraid\/\" class=\"elementor-sub-item\">MYCORAID<\/a><\/li>\n\t<\/ul>\n<\/li>\n\t<li class=\"menu-item menu-item-type-custom menu-item-object-custom menu-item-has-children menu-item-4210\"><a class=\"elementor-sub-item\">MICROBIOME INTEGRITY<\/a>\n\t<ul class=\"sub-menu elementor-nav-menu--dropdown\">\n\t\t<li class=\"menu-item menu-item-type-custom menu-item-object-custom menu-item-4232\"><a href=\"https:\/\/www.agromed.at\/es\/producto-internacional\/opticell-2\/\" class=\"elementor-sub-item\">OPTICELL<\/a><\/li>\n\t\t<li class=\"menu-item menu-item-type-custom menu-item-object-custom menu-item-4233\"><a href=\"https:\/\/www.agromed.at\/es\/producto-internacional\/dysguard-s\/\" class=\"elementor-sub-item\">DYSGUARD-S<\/a><\/li>\n\t<\/ul>\n<\/li>\n\t<li class=\"menu-item menu-item-type-custom menu-item-object-custom menu-item-has-children menu-item-4211\"><a class=\"elementor-sub-item\">ANIMAL HEALTH SUPPORT<\/a>\n\t<ul class=\"sub-menu elementor-nav-menu--dropdown\">\n\t\t<li class=\"menu-item menu-item-type-custom menu-item-object-custom menu-item-4234\"><a href=\"https:\/\/www.agromed.at\/es\/producto-internacional\/liquihype\/\" class=\"elementor-sub-item\">LIQUIHYPE<\/a><\/li>\n\t\t<li class=\"menu-item menu-item-type-custom menu-item-object-custom menu-item-4235\"><a href=\"https:\/\/www.agromed.at\/es\/producto-internacional\/night-safe\/\" class=\"elementor-sub-item\">RIDOFMITE<\/a><\/li>\n\t<\/ul>\n<\/li>\n\t<li class=\"menu-item menu-item-type-custom menu-item-object-custom menu-item-has-children menu-item-4230\"><a class=\"elementor-sub-item\">GUT PERFORMANCE MANAGEMENT<\/a>\n\t<ul class=\"sub-menu elementor-nav-menu--dropdown\">\n\t\t<li class=\"menu-item menu-item-type-custom menu-item-object-custom menu-item-4236\"><a href=\"https:\/\/www.agromed.at\/es\/producto-internacional\/agromed-roi\/\" class=\"elementor-sub-item\">AGROMED ROI<\/a><\/li>\n\t<\/ul>\n<\/li>\n<\/ul>\n<\/li>\n<li class=\"menu-item menu-item-type-custom menu-item-object-custom menu-item-has-children menu-item-4212\"><a class=\"elementor-item\">News<\/a>\n<ul class=\"sub-menu elementor-nav-menu--dropdown\">\n\t<li class=\"menu-item menu-item-type-post_type menu-item-object-page menu-item-4213\"><a href=\"https:\/\/www.agromed.at\/es\/fiber-board-2024\/\" class=\"elementor-sub-item\">Fibre Board 2024<\/a><\/li>\n\t<li class=\"menu-item menu-item-type-post_type menu-item-object-page menu-item-4237\"><a href=\"https:\/\/www.agromed.at\/es\/news\/\" class=\"elementor-sub-item\">Publicaciones<\/a><\/li>\n<\/ul>\n<\/li>\n<li class=\"menu-item menu-item-type-custom menu-item-object-custom menu-item-has-children menu-item-4214\"><a class=\"elementor-item\">Sostenibilidad<\/a>\n<ul class=\"sub-menu elementor-nav-menu--dropdown\">\n\t<li class=\"menu-item menu-item-type-post_type menu-item-object-page menu-item-4215\"><a href=\"https:\/\/www.agromed.at\/es\/nuestro-entendimiento\/\" class=\"elementor-sub-item\">Nuestro entendimiento<\/a><\/li>\n\t<li class=\"menu-item menu-item-type-post_type menu-item-object-page menu-item-4216\"><a href=\"https:\/\/www.agromed.at\/es\/nuestra-estrategia\/\" class=\"elementor-sub-item\">Nuestra estrategia<\/a><\/li>\n<\/ul>\n<\/li>\n<li class=\"menu-item menu-item-type-post_type menu-item-object-page menu-item-4217\"><a href=\"https:\/\/www.agromed.at\/es\/contacto\/\" class=\"elementor-item\">Contacto<\/a><\/li>\n<\/ul>\t\t\t<\/nav>\n\t\t\t\t\t<div class=\"elementor-menu-toggle\" role=\"button\" tabindex=\"0\" aria-label=\"Alternar men\u00fa\" aria-expanded=\"false\">\n\t\t\t<svg aria-hidden=\"true\" role=\"presentation\" class=\"elementor-menu-toggle__icon--open e-font-icon-svg e-eicon-menu-bar\" viewBox=\"0 0 1000 1000\" xmlns=\"http:\/\/www.w3.org\/2000\/svg\"><path d=\"M104 333H896C929 333 958 304 958 271S929 208 896 208H104C71 208 42 237 42 271S71 333 104 333ZM104 583H896C929 583 958 554 958 521S929 458 896 458H104C71 458 42 487 42 521S71 583 104 583ZM104 833H896C929 833 958 804 958 771S929 708 896 708H104C71 708 42 737 42 771S71 833 104 833Z\"><\/path><\/svg><svg aria-hidden=\"true\" role=\"presentation\" class=\"elementor-menu-toggle__icon--close e-font-icon-svg e-eicon-close\" viewBox=\"0 0 1000 1000\" xmlns=\"http:\/\/www.w3.org\/2000\/svg\"><path d=\"M742 167L500 408 258 167C246 154 233 150 217 150 196 150 179 158 167 167 154 179 150 196 150 212 150 229 154 242 171 254L408 500 167 742C138 771 138 800 167 829 196 858 225 858 254 829L496 587 738 829C750 842 767 846 783 846 800 846 817 842 829 829 842 817 846 804 846 783 846 767 842 750 829 737L588 500 833 258C863 229 863 200 833 171 804 137 775 137 742 167Z\"><\/path><\/svg>\t\t<\/div>\n\t\t\t\t\t<nav class=\"elementor-nav-menu--dropdown elementor-nav-menu__container\" aria-hidden=\"true\">\n\t\t\t\t<ul id=\"menu-2-af2a6a3\" class=\"elementor-nav-menu\"><li class=\"menu-item menu-item-type-custom menu-item-object-custom menu-item-has-children menu-item-4196\"><a class=\"elementor-item\" tabindex=\"-1\">Qui\u00e9nes somos<\/a>\n<ul class=\"sub-menu elementor-nav-menu--dropdown\">\n\t<li class=\"menu-item menu-item-type-post_type menu-item-object-page menu-item-4197\"><a href=\"https:\/\/www.agromed.at\/es\/la-empresa\/\" class=\"elementor-sub-item\" tabindex=\"-1\">La empresa<\/a><\/li>\n\t<li class=\"menu-item menu-item-type-post_type menu-item-object-page menu-item-4199\"><a href=\"https:\/\/www.agromed.at\/es\/investigacion-2\/\" class=\"elementor-sub-item\" tabindex=\"-1\">Investigaci\u00f3n<\/a><\/li>\n\t<li class=\"menu-item menu-item-type-post_type menu-item-object-page menu-item-4200\"><a href=\"https:\/\/www.agromed.at\/es\/socios-exclusivos\/\" class=\"elementor-sub-item\" tabindex=\"-1\">Socios exclusivos<\/a><\/li>\n\t<li class=\"menu-item menu-item-type-post_type menu-item-object-page menu-item-4201\"><a href=\"https:\/\/www.agromed.at\/es\/carrera-profesional\/\" class=\"elementor-sub-item\" tabindex=\"-1\">Carrera profesional<\/a><\/li>\n\t<li class=\"menu-item menu-item-type-post_type menu-item-object-page menu-item-4202\"><a href=\"https:\/\/www.agromed.at\/es\/persona-de-contacto\/\" class=\"elementor-sub-item\" tabindex=\"-1\">Persona de contacto<\/a><\/li>\n\t<li class=\"menu-item menu-item-type-post_type menu-item-object-page menu-item-5075\"><a href=\"https:\/\/www.agromed.at\/es\/patent-co-agromed\/\" class=\"elementor-sub-item\" tabindex=\"-1\">A&#038;P Nutrition<\/a><\/li>\n<\/ul>\n<\/li>\n<li class=\"menu-item menu-item-type-custom menu-item-object-custom menu-item-has-children menu-item-4203\"><a class=\"elementor-item\" tabindex=\"-1\">Especie<\/a>\n<ul class=\"sub-menu elementor-nav-menu--dropdown\">\n\t<li class=\"menu-item menu-item-type-post_type menu-item-object-page menu-item-4204\"><a href=\"https:\/\/www.agromed.at\/es\/cerdos-2\/\" class=\"elementor-sub-item\" tabindex=\"-1\">Cerdos<\/a><\/li>\n\t<li class=\"menu-item menu-item-type-post_type menu-item-object-page menu-item-4205\"><a href=\"https:\/\/www.agromed.at\/es\/aves\/\" class=\"elementor-sub-item\" tabindex=\"-1\">Aves<\/a><\/li>\n\t<li class=\"menu-item menu-item-type-post_type menu-item-object-page menu-item-4206\"><a href=\"https:\/\/www.agromed.at\/es\/cerdos\/\" class=\"elementor-sub-item\" tabindex=\"-1\">Rumiantes<\/a><\/li>\n\t<li class=\"menu-item menu-item-type-post_type menu-item-object-page menu-item-4207\"><a href=\"https:\/\/www.agromed.at\/es\/mascotas\/\" class=\"elementor-sub-item\" tabindex=\"-1\">Mascotas<\/a><\/li>\n<\/ul>\n<\/li>\n<li class=\"menu-item menu-item-type-custom menu-item-object-custom menu-item-has-children menu-item-4208\"><a class=\"elementor-item\" tabindex=\"-1\">Producto<\/a>\n<ul class=\"sub-menu elementor-nav-menu--dropdown\">\n\t<li class=\"menu-item menu-item-type-custom menu-item-object-custom menu-item-has-children menu-item-4209\"><a class=\"elementor-sub-item\" tabindex=\"-1\">MYCOTOXIN MANAGEMENT<\/a>\n\t<ul class=\"sub-menu elementor-nav-menu--dropdown\">\n\t\t<li class=\"menu-item menu-item-type-custom menu-item-object-custom menu-item-4231\"><a href=\"https:\/\/www.agromed.at\/es\/producto-internacional\/mycoraid\/\" class=\"elementor-sub-item\" tabindex=\"-1\">MYCORAID<\/a><\/li>\n\t<\/ul>\n<\/li>\n\t<li class=\"menu-item menu-item-type-custom menu-item-object-custom menu-item-has-children menu-item-4210\"><a class=\"elementor-sub-item\" tabindex=\"-1\">MICROBIOME INTEGRITY<\/a>\n\t<ul class=\"sub-menu elementor-nav-menu--dropdown\">\n\t\t<li class=\"menu-item menu-item-type-custom menu-item-object-custom menu-item-4232\"><a href=\"https:\/\/www.agromed.at\/es\/producto-internacional\/opticell-2\/\" class=\"elementor-sub-item\" tabindex=\"-1\">OPTICELL<\/a><\/li>\n\t\t<li class=\"menu-item menu-item-type-custom menu-item-object-custom menu-item-4233\"><a href=\"https:\/\/www.agromed.at\/es\/producto-internacional\/dysguard-s\/\" class=\"elementor-sub-item\" tabindex=\"-1\">DYSGUARD-S<\/a><\/li>\n\t<\/ul>\n<\/li>\n\t<li class=\"menu-item menu-item-type-custom menu-item-object-custom menu-item-has-children menu-item-4211\"><a class=\"elementor-sub-item\" tabindex=\"-1\">ANIMAL HEALTH SUPPORT<\/a>\n\t<ul class=\"sub-menu elementor-nav-menu--dropdown\">\n\t\t<li class=\"menu-item menu-item-type-custom menu-item-object-custom menu-item-4234\"><a href=\"https:\/\/www.agromed.at\/es\/producto-internacional\/liquihype\/\" class=\"elementor-sub-item\" tabindex=\"-1\">LIQUIHYPE<\/a><\/li>\n\t\t<li class=\"menu-item menu-item-type-custom menu-item-object-custom menu-item-4235\"><a href=\"https:\/\/www.agromed.at\/es\/producto-internacional\/night-safe\/\" class=\"elementor-sub-item\" tabindex=\"-1\">RIDOFMITE<\/a><\/li>\n\t<\/ul>\n<\/li>\n\t<li class=\"menu-item menu-item-type-custom menu-item-object-custom menu-item-has-children menu-item-4230\"><a class=\"elementor-sub-item\" tabindex=\"-1\">GUT PERFORMANCE MANAGEMENT<\/a>\n\t<ul class=\"sub-menu elementor-nav-menu--dropdown\">\n\t\t<li class=\"menu-item menu-item-type-custom menu-item-object-custom menu-item-4236\"><a href=\"https:\/\/www.agromed.at\/es\/producto-internacional\/agromed-roi\/\" class=\"elementor-sub-item\" tabindex=\"-1\">AGROMED ROI<\/a><\/li>\n\t<\/ul>\n<\/li>\n<\/ul>\n<\/li>\n<li class=\"menu-item menu-item-type-custom menu-item-object-custom menu-item-has-children menu-item-4212\"><a class=\"elementor-item\" tabindex=\"-1\">News<\/a>\n<ul class=\"sub-menu elementor-nav-menu--dropdown\">\n\t<li class=\"menu-item menu-item-type-post_type menu-item-object-page menu-item-4213\"><a href=\"https:\/\/www.agromed.at\/es\/fiber-board-2024\/\" class=\"elementor-sub-item\" tabindex=\"-1\">Fibre Board 2024<\/a><\/li>\n\t<li class=\"menu-item menu-item-type-post_type menu-item-object-page menu-item-4237\"><a href=\"https:\/\/www.agromed.at\/es\/news\/\" class=\"elementor-sub-item\" tabindex=\"-1\">Publicaciones<\/a><\/li>\n<\/ul>\n<\/li>\n<li class=\"menu-item menu-item-type-custom menu-item-object-custom menu-item-has-children menu-item-4214\"><a class=\"elementor-item\" tabindex=\"-1\">Sostenibilidad<\/a>\n<ul class=\"sub-menu elementor-nav-menu--dropdown\">\n\t<li class=\"menu-item menu-item-type-post_type menu-item-object-page menu-item-4215\"><a href=\"https:\/\/www.agromed.at\/es\/nuestro-entendimiento\/\" class=\"elementor-sub-item\" tabindex=\"-1\">Nuestro entendimiento<\/a><\/li>\n\t<li class=\"menu-item menu-item-type-post_type menu-item-object-page menu-item-4216\"><a href=\"https:\/\/www.agromed.at\/es\/nuestra-estrategia\/\" class=\"elementor-sub-item\" tabindex=\"-1\">Nuestra estrategia<\/a><\/li>\n<\/ul>\n<\/li>\n<li class=\"menu-item menu-item-type-post_type menu-item-object-page menu-item-4217\"><a href=\"https:\/\/www.agromed.at\/es\/contacto\/\" class=\"elementor-item\" tabindex=\"-1\">Contacto<\/a><\/li>\n<\/ul>\t\t\t<\/nav>\n\t\t\t\t\t\t<\/div>\n\t\t\t\t\t<\/div>\n\t\t\t\t<\/div>\n\t\t<div data-dce-background-overlay-color=\"#000000\" data-dce-background-image-url=\"https:\/\/www.agromed.at\/wp-content\/uploads\/2025\/10\/csm_Opti_Cell_C5_5_cd385da747-scaled.png\" class=\"elementor-element elementor-element-30af0ed e-con-full e-flex e-con e-parent\" data-id=\"30af0ed\" data-element_type=\"container\" data-e-type=\"container\" data-settings=\"{&quot;background_background&quot;:&quot;classic&quot;}\">\n\t\t\t\t<\/div>\n\t\t<div class=\"elementor-element elementor-element-afd82b7 e-flex e-con-boxed e-con e-parent\" data-id=\"afd82b7\" data-element_type=\"container\" data-e-type=\"container\" data-settings=\"{&quot;background_background&quot;:&quot;classic&quot;}\">\n\t\t\t\t\t<div class=\"e-con-inner\">\n\t\t\t\t<div class=\"elementor-element elementor-element-45ecb6f elementor-widget elementor-widget-heading\" data-id=\"45ecb6f\" data-element_type=\"widget\" data-e-type=\"widget\" data-widget_type=\"heading.default\">\n\t\t\t\t\t<h2 class=\"elementor-heading-title elementor-size-default\"><font color=\"#a0bf38\">Pie de imprenta <\/font><\/h2>\t\t\t\t<\/div>\n\t\t\t\t\t<\/div>\n\t\t\t\t<\/div>\n\t\t<div data-dce-background-color=\"#4B4B4A\" class=\"elementor-element elementor-element-51f6569 e-flex e-con-boxed e-con e-parent\" data-id=\"51f6569\" data-element_type=\"container\" data-e-type=\"container\" data-settings=\"{&quot;background_background&quot;:&quot;classic&quot;}\">\n\t\t\t\t\t<div class=\"e-con-inner\">\n\t\t\t\t<div class=\"elementor-element elementor-element-1fee502 elementor-widget__width-initial elementor-widget elementor-widget-text-editor\" data-id=\"1fee502\" data-element_type=\"widget\" data-e-type=\"widget\" data-widget_type=\"text-editor.default\">\n\t\t\t\t\t\t\t\t\t<p>agromed <br>Austria GmbH<br>Bad Haller Stra\u00dfe 23<br>A-4550 Kremsm\u00fcnster<\/p><p>T <a href=\"tel:0043758351050\">+43 7583 5105-0<\/a><br>F +43 7583 5105-40<br><a href=\"mailto:info@agromed.at\">info@agromed.at<\/a><\/p><p><strong>UID-Nummer:<\/strong> ATU47527706<br><strong>FBN:<\/strong> 185370d &#8211; Landesgericht Steyr<br><strong>Zulassungsnr:.<\/strong> \u03b1 AT 6036<\/p>\t\t\t\t\t\t\t\t<\/div>\n\t\t\t\t<div class=\"elementor-element elementor-element-58f8828 elementor-widget__width-initial elementor-widget elementor-widget-heading\" data-id=\"58f8828\" data-element_type=\"widget\" data-e-type=\"widget\" data-widget_type=\"heading.default\">\n\t\t\t\t\t<h2 class=\"elementor-heading-title elementor-size-default\"><span class=\"green\">AGROMED AUSTRIA GMBH<\/span> <\/h2>\t\t\t\t<\/div>\n\t\t\t\t\t<\/div>\n\t\t\t\t<\/div>\n\t\t<div data-dce-background-color=\"#FFFFFF\" class=\"elementor-element elementor-element-31064bb e-flex e-con-boxed e-con e-parent\" data-id=\"31064bb\" data-element_type=\"container\" data-e-type=\"container\" data-settings=\"{&quot;background_background&quot;:&quot;classic&quot;}\">\n\t\t\t\t\t<div class=\"e-con-inner\">\n\t\t\t\t<div class=\"elementor-element elementor-element-6b536b1 elementor-widget-laptop__width-initial elementor-widget elementor-widget-heading\" data-id=\"6b536b1\" data-element_type=\"widget\" data-e-type=\"widget\" data-widget_type=\"heading.default\">\n\t\t\t\t\t<h2 class=\"elementor-heading-title elementor-size-default\">EXENCI\u00d3N DE RESPONSABILIDAD<\/h2>\t\t\t\t<\/div>\n\t\t\t\t<div class=\"elementor-element elementor-element-b4c5760 elementor-widget-laptop__width-initial elementor-widget elementor-widget-text-editor\" data-id=\"b4c5760\" data-element_type=\"widget\" data-e-type=\"widget\" data-widget_type=\"text-editor.default\">\n\t\t\t\t\t\t\t\t\t<p>Mediante la inclusi\u00f3n de hiperv\u00ednculos en nuestro sitio web, le permitimos visitar de forma espec\u00edfica las ofertas de terceros. Los contenidos que all\u00ed se encuentran escapan a nuestro control, por lo que no podemos asumir ninguna responsabilidad por la veracidad y legalidad de los contenidos all\u00ed disponibles. En el momento de incluir un enlace en nuestra oferta, hemos comprobado que la oferta enlazada no contiene contenidos manifiestamente ilegales. No obstante, no nos es posible comprobar continuamente la legalidad de todas las ofertas de terceros a las que enlazamos. No obstante, eliminaremos inmediatamente cualquier enlace si tenemos conocimiento de que contiene contenidos ilegales. Env\u00ede su notificaci\u00f3n a <a href=\"mailto:info@agromed.at\">agromed Austria GmbH<\/a>.     <\/p>\t\t\t\t\t\t\t\t<\/div>\n\t\t\t\t\t<\/div>\n\t\t\t\t<\/div>\n\t\t<div data-dce-background-color=\"#FFFFFF\" class=\"elementor-element elementor-element-f0dc505 e-flex e-con-boxed e-con e-parent\" data-id=\"f0dc505\" data-element_type=\"container\" data-e-type=\"container\" data-settings=\"{&quot;background_background&quot;:&quot;classic&quot;}\">\n\t\t\t\t\t<div class=\"e-con-inner\">\n\t\t\t\t<div class=\"elementor-element elementor-element-f11f5c4 elementor-widget-laptop__width-initial elementor-widget elementor-widget-heading\" data-id=\"f11f5c4\" data-element_type=\"widget\" data-e-type=\"widget\" data-widget_type=\"heading.default\">\n\t\t\t\t\t<h2 class=\"elementor-heading-title elementor-size-default\">Google<br>Analytics<\/h2>\t\t\t\t<\/div>\n\t\t\t\t<div class=\"elementor-element elementor-element-b773e18 elementor-widget-laptop__width-initial elementor-widget elementor-widget-text-editor\" data-id=\"b773e18\" data-element_type=\"widget\" data-e-type=\"widget\" data-widget_type=\"text-editor.default\">\n\t\t\t\t\t\t\t\t\t<p>Este sitio web utiliza Google Analytics, un servicio de an\u00e1lisis web de Google Inc. (\u00abGoogle\u00bb). Google Analytics utiliza las llamadas \u00abcookies\u00bb, archivos de texto que se almacenan en su ordenador y que permiten analizar el uso que usted hace del sitio web. La informaci\u00f3n generada por la cookie sobre su uso de este sitio web (incluida su direcci\u00f3n IP) se transmite a un servidor de Google en los Estados Unidos y se almacena all\u00ed. Google puede utilizar esta informaci\u00f3n para evaluar su uso del sitio web, recopilar informes sobre las actividades del sitio web para los operadores del mismo y prestar otros servicios relacionados con el uso del sitio web y de Internet. Google tambi\u00e9n puede transmitir esta informaci\u00f3n a terceros cuando as\u00ed lo exija la ley o cuando dichos terceros procesen la informaci\u00f3n por cuenta de Google. Google no asociar\u00e1 en ning\u00fan caso su direcci\u00f3n IP con otros datos de Google. Puede impedir la instalaci\u00f3n de cookies mediante la configuraci\u00f3n correspondiente de su navegador; sin embargo, le advertimos de que, en ese caso, es posible que no pueda utilizar todas las funciones de este sitio web en toda su extensi\u00f3n. Al utilizar este sitio web, usted da su consentimiento para que Google procese los datos recopilados sobre usted de la manera y para los fines anteriormente descritos.        <br><br>Puede oponerse en cualquier momento a la recopilaci\u00f3n y el uso de su direcci\u00f3n IP por parte de Google Analytics con efecto futuro. Encontrar\u00e1 m\u00e1s informaci\u00f3n al respecto en <a href=\"http:\/\/tools.google.com\/dlpage\/gaoptout?hl=de\" target=\"_blank\" rel=\"noopener\">http:\/\/tools.google.com\/dlpage\/gaoptout?hl=de<\/a>. Le informamos de que en este sitio web se ha ampliado Google Analytics con el c\u00f3digo \u00abgat._anonymizeIp();\u00bb para garantizar el registro an\u00f3nimo de las direcciones IP.  <\/p>\t\t\t\t\t\t\t\t<\/div>\n\t\t\t\t\t<\/div>\n\t\t\t\t<\/div>\n\t\t<div data-dce-background-color=\"#4B4B4A\" class=\"elementor-element elementor-element-529b89f e-flex e-con-boxed e-con e-parent\" data-id=\"529b89f\" data-element_type=\"container\" data-e-type=\"container\" data-settings=\"{&quot;background_background&quot;:&quot;classic&quot;}\">\n\t\t\t\t\t<div class=\"e-con-inner\">\n\t\t\t\t<div class=\"elementor-element elementor-element-c4eefd0 elementor-widget__width-initial elementor-widget-laptop__width-initial elementor-widget elementor-widget-heading\" data-id=\"c4eefd0\" data-element_type=\"widget\" data-e-type=\"widget\" data-widget_type=\"heading.default\">\n\t\t\t\t\t<h2 class=\"elementor-heading-title elementor-size-default\">Fotos e im\u00e1genes<\/h2>\t\t\t\t<\/div>\n\t\t<div class=\"elementor-element elementor-element-ce0aebd e-con-full e-flex e-con e-child\" data-id=\"ce0aebd\" data-element_type=\"container\" data-e-type=\"container\">\n\t\t\t\t<div class=\"elementor-element elementor-element-e069f2e elementor-widget__width-initial elementor-widget elementor-widget-text-editor\" data-id=\"e069f2e\" data-element_type=\"widget\" data-e-type=\"widget\" data-widget_type=\"text-editor.default\">\n\t\t\t\t\t\t\t\t\t<p><a href=\"http:\/\/shutterstock.com\/\" target=\"_blank\" rel=\"noopener\">shutterstock.com<\/a>, <a href=\"http:\/\/istock.com\/\" target=\"_blank\" rel=\"noopener\">istock.com<\/a>,<a href=\"http:\/\/http\/\/\" target=\"freepick.com\"> f<\/a><a href=\"http:\/\/http\/\/\" target=\"freepik.com\">reepik.com<\/a>, <a href=\"https:\/\/pixabay.com\/\" target=\"_blank\" rel=\"noopener\">pixabay.com<\/a><\/p><p> <\/p>\t\t\t\t\t\t\t\t<\/div>\n\t\t\t\t<\/div>\n\t\t\t\t\t<\/div>\n\t\t\t\t<\/div>\n\t\t\t\t<\/div>\n\t\t","protected":false},"excerpt":{"rendered":"<p>Pie de imprenta agromed Austria GmbHBad Haller Stra\u00dfe 23A-4550 Kremsm\u00fcnster T +43 7583 5105-0F +43 7583 5105-40info@agromed.at UID-Nummer: ATU47527706FBN: 185370d &#8211; Landesgericht SteyrZulassungsnr:. \u03b1 AT 6036 AGROMED AUSTRIA GMBH EXENCI\u00d3N DE RESPONSABILIDAD Mediante la inclusi\u00f3n de hiperv\u00ednculos en nuestro sitio web, le permitimos visitar de forma espec\u00edfica las ofertas de terceros. Los contenidos que all\u00ed [&hellip;]<\/p>\n","protected":false},"author":7,"featured_media":0,"parent":0,"menu_order":0,"comment_status":"closed","ping_status":"closed","template":"","meta":{"_acf_changed":false,"footnotes":""},"class_list":["post-3040","page","type-page","status-publish","hentry"],"acf":[],"_links":{"self":[{"href":"https:\/\/www.agromed.at\/es\/wp-json\/wp\/v2\/pages\/3040","targetHints":{"allow":["GET"]}}],"collection":[{"href":"https:\/\/www.agromed.at\/es\/wp-json\/wp\/v2\/pages"}],"about":[{"href":"https:\/\/www.agromed.at\/es\/wp-json\/wp\/v2\/types\/page"}],"author":[{"embeddable":true,"href":"https:\/\/www.agromed.at\/es\/wp-json\/wp\/v2\/users\/7"}],"replies":[{"embeddable":true,"href":"https:\/\/www.agromed.at\/es\/wp-json\/wp\/v2\/comments?post=3040"}],"version-history":[{"count":3,"href":"https:\/\/www.agromed.at\/es\/wp-json\/wp\/v2\/pages\/3040\/revisions"}],"predecessor-version":[{"id":3178,"href":"https:\/\/www.agromed.at\/es\/wp-json\/wp\/v2\/pages\/3040\/revisions\/3178"}],"wp:attachment":[{"href":"https:\/\/www.agromed.at\/es\/wp-json\/wp\/v2\/media?parent=3040"}],"curies":[{"name":"wp","href":"https:\/\/api.w.org\/{rel}","templated":true}]}}