{"id":3112,"date":"2025-11-19T09:59:25","date_gmt":"2025-11-19T08:59:25","guid":{"rendered":"https:\/\/agromed.at\/aves\/"},"modified":"2026-02-09T11:03:54","modified_gmt":"2026-02-09T10:03:54","slug":"aves","status":"publish","type":"page","link":"https:\/\/www.agromed.at\/es\/aves\/","title":{"rendered":"Aves"},"content":{"rendered":"\t\t<div data-elementor-type=\"wp-page\" data-elementor-id=\"3112\" class=\"elementor elementor-3112 elementor-1696\" data-elementor-post-type=\"page\">\n\t\t\t\t<div class=\"elementor-element elementor-element-fd62b07 e-grid elementor-hidden-tablet elementor-hidden-mobile e-con-boxed e-con e-parent\" data-id=\"fd62b07\" data-element_type=\"container\" data-e-type=\"container\">\n\t\t\t\t\t<div class=\"e-con-inner\">\n\t\t\t\t<div class=\"elementor-element elementor-element-af2a6a3 elementor-hidden-tablet elementor-hidden-mobile elementor-nav-menu--dropdown-tablet elementor-nav-menu__text-align-aside elementor-nav-menu--toggle elementor-nav-menu--burger elementor-widget elementor-widget-nav-menu\" data-id=\"af2a6a3\" data-element_type=\"widget\" data-e-type=\"widget\" data-settings=\"{&quot;layout&quot;:&quot;horizontal&quot;,&quot;submenu_icon&quot;:{&quot;value&quot;:&quot;&lt;svg aria-hidden=\\&quot;true\\&quot; class=\\&quot;e-font-icon-svg e-fas-caret-down\\&quot; viewBox=\\&quot;0 0 320 512\\&quot; xmlns=\\&quot;http:\\\/\\\/www.w3.org\\\/2000\\\/svg\\&quot;&gt;&lt;path d=\\&quot;M31.3 192h257.3c17.8 0 26.7 21.5 14.1 34.1L174.1 354.8c-7.8 7.8-20.5 7.8-28.3 0L17.2 226.1C4.6 213.5 13.5 192 31.3 192z\\&quot;&gt;&lt;\\\/path&gt;&lt;\\\/svg&gt;&quot;,&quot;library&quot;:&quot;fa-solid&quot;},&quot;toggle&quot;:&quot;burger&quot;}\" data-widget_type=\"nav-menu.default\">\n\t\t\t\t\t\t\t\t<nav aria-label=\"Men\u00fc\" class=\"elementor-nav-menu--main elementor-nav-menu__container elementor-nav-menu--layout-horizontal e--pointer-none\">\n\t\t\t\t<ul id=\"menu-1-af2a6a3\" class=\"elementor-nav-menu\"><li class=\"menu-item menu-item-type-custom menu-item-object-custom menu-item-has-children menu-item-4196\"><a class=\"elementor-item\">Qui\u00e9nes somos<\/a>\n<ul class=\"sub-menu elementor-nav-menu--dropdown\">\n\t<li class=\"menu-item menu-item-type-post_type menu-item-object-page menu-item-4197\"><a href=\"https:\/\/www.agromed.at\/es\/la-empresa\/\" class=\"elementor-sub-item\">La empresa<\/a><\/li>\n\t<li class=\"menu-item menu-item-type-post_type menu-item-object-page menu-item-4199\"><a href=\"https:\/\/www.agromed.at\/es\/investigacion-2\/\" class=\"elementor-sub-item\">Investigaci\u00f3n<\/a><\/li>\n\t<li class=\"menu-item menu-item-type-post_type menu-item-object-page menu-item-4200\"><a href=\"https:\/\/www.agromed.at\/es\/socios-exclusivos\/\" class=\"elementor-sub-item\">Socios exclusivos<\/a><\/li>\n\t<li class=\"menu-item menu-item-type-post_type menu-item-object-page menu-item-4201\"><a href=\"https:\/\/www.agromed.at\/es\/carrera-profesional\/\" class=\"elementor-sub-item\">Carrera profesional<\/a><\/li>\n\t<li class=\"menu-item menu-item-type-post_type menu-item-object-page menu-item-4202\"><a href=\"https:\/\/www.agromed.at\/es\/persona-de-contacto\/\" class=\"elementor-sub-item\">Persona de contacto<\/a><\/li>\n\t<li class=\"menu-item menu-item-type-post_type menu-item-object-page menu-item-5075\"><a href=\"https:\/\/www.agromed.at\/es\/patent-co-agromed\/\" class=\"elementor-sub-item\">A&#038;P Nutrition<\/a><\/li>\n<\/ul>\n<\/li>\n<li class=\"menu-item menu-item-type-custom menu-item-object-custom menu-item-has-children menu-item-4203\"><a class=\"elementor-item\">Especie<\/a>\n<ul class=\"sub-menu elementor-nav-menu--dropdown\">\n\t<li class=\"menu-item menu-item-type-post_type menu-item-object-page menu-item-4204\"><a href=\"https:\/\/www.agromed.at\/es\/cerdos-2\/\" class=\"elementor-sub-item\">Cerdos<\/a><\/li>\n\t<li class=\"menu-item menu-item-type-post_type menu-item-object-page menu-item-4205\"><a href=\"https:\/\/www.agromed.at\/es\/aves\/\" class=\"elementor-sub-item\">Aves<\/a><\/li>\n\t<li class=\"menu-item menu-item-type-post_type menu-item-object-page menu-item-4206\"><a href=\"https:\/\/www.agromed.at\/es\/cerdos\/\" class=\"elementor-sub-item\">Rumiantes<\/a><\/li>\n\t<li class=\"menu-item menu-item-type-post_type menu-item-object-page menu-item-4207\"><a href=\"https:\/\/www.agromed.at\/es\/mascotas\/\" class=\"elementor-sub-item\">Mascotas<\/a><\/li>\n<\/ul>\n<\/li>\n<li class=\"menu-item menu-item-type-custom menu-item-object-custom menu-item-has-children menu-item-4208\"><a class=\"elementor-item\">Producto<\/a>\n<ul class=\"sub-menu elementor-nav-menu--dropdown\">\n\t<li class=\"menu-item menu-item-type-custom menu-item-object-custom menu-item-has-children menu-item-4209\"><a class=\"elementor-sub-item\">MYCOTOXIN MANAGEMENT<\/a>\n\t<ul class=\"sub-menu elementor-nav-menu--dropdown\">\n\t\t<li class=\"menu-item menu-item-type-custom menu-item-object-custom menu-item-4231\"><a href=\"https:\/\/www.agromed.at\/es\/producto-internacional\/mycoraid\/\" class=\"elementor-sub-item\">MYCORAID<\/a><\/li>\n\t<\/ul>\n<\/li>\n\t<li class=\"menu-item menu-item-type-custom menu-item-object-custom menu-item-has-children menu-item-4210\"><a class=\"elementor-sub-item\">MICROBIOME INTEGRITY<\/a>\n\t<ul class=\"sub-menu elementor-nav-menu--dropdown\">\n\t\t<li class=\"menu-item menu-item-type-custom menu-item-object-custom menu-item-4232\"><a href=\"https:\/\/www.agromed.at\/es\/producto-internacional\/opticell-2\/\" class=\"elementor-sub-item\">OPTICELL<\/a><\/li>\n\t\t<li class=\"menu-item menu-item-type-custom menu-item-object-custom menu-item-4233\"><a href=\"https:\/\/www.agromed.at\/es\/producto-internacional\/dysguard-s\/\" class=\"elementor-sub-item\">DYSGUARD-S<\/a><\/li>\n\t<\/ul>\n<\/li>\n\t<li class=\"menu-item menu-item-type-custom menu-item-object-custom menu-item-has-children menu-item-4211\"><a class=\"elementor-sub-item\">ANIMAL HEALTH SUPPORT<\/a>\n\t<ul class=\"sub-menu elementor-nav-menu--dropdown\">\n\t\t<li class=\"menu-item menu-item-type-custom menu-item-object-custom menu-item-4234\"><a href=\"https:\/\/www.agromed.at\/es\/producto-internacional\/liquihype\/\" class=\"elementor-sub-item\">LIQUIHYPE<\/a><\/li>\n\t\t<li class=\"menu-item menu-item-type-custom menu-item-object-custom menu-item-4235\"><a href=\"https:\/\/www.agromed.at\/es\/producto-internacional\/night-safe\/\" class=\"elementor-sub-item\">RIDOFMITE<\/a><\/li>\n\t<\/ul>\n<\/li>\n\t<li class=\"menu-item menu-item-type-custom menu-item-object-custom menu-item-has-children menu-item-4230\"><a class=\"elementor-sub-item\">GUT PERFORMANCE MANAGEMENT<\/a>\n\t<ul class=\"sub-menu elementor-nav-menu--dropdown\">\n\t\t<li class=\"menu-item menu-item-type-custom menu-item-object-custom menu-item-4236\"><a href=\"https:\/\/www.agromed.at\/es\/producto-internacional\/agromed-roi\/\" class=\"elementor-sub-item\">AGROMED ROI<\/a><\/li>\n\t<\/ul>\n<\/li>\n<\/ul>\n<\/li>\n<li class=\"menu-item menu-item-type-custom menu-item-object-custom menu-item-has-children menu-item-4212\"><a class=\"elementor-item\">News<\/a>\n<ul class=\"sub-menu elementor-nav-menu--dropdown\">\n\t<li class=\"menu-item menu-item-type-post_type menu-item-object-page menu-item-4213\"><a href=\"https:\/\/www.agromed.at\/es\/fiber-board-2024\/\" class=\"elementor-sub-item\">Fibre Board 2024<\/a><\/li>\n\t<li class=\"menu-item menu-item-type-post_type menu-item-object-page menu-item-4237\"><a href=\"https:\/\/www.agromed.at\/es\/news\/\" class=\"elementor-sub-item\">Publicaciones<\/a><\/li>\n<\/ul>\n<\/li>\n<li class=\"menu-item menu-item-type-custom menu-item-object-custom menu-item-has-children menu-item-4214\"><a class=\"elementor-item\">Sostenibilidad<\/a>\n<ul class=\"sub-menu elementor-nav-menu--dropdown\">\n\t<li class=\"menu-item menu-item-type-post_type menu-item-object-page menu-item-4215\"><a href=\"https:\/\/www.agromed.at\/es\/nuestro-entendimiento\/\" class=\"elementor-sub-item\">Nuestro entendimiento<\/a><\/li>\n\t<li class=\"menu-item menu-item-type-post_type menu-item-object-page menu-item-4216\"><a href=\"https:\/\/www.agromed.at\/es\/nuestra-estrategia\/\" class=\"elementor-sub-item\">Nuestra estrategia<\/a><\/li>\n<\/ul>\n<\/li>\n<li class=\"menu-item menu-item-type-post_type menu-item-object-page menu-item-4217\"><a href=\"https:\/\/www.agromed.at\/es\/contacto\/\" class=\"elementor-item\">Contacto<\/a><\/li>\n<\/ul>\t\t\t<\/nav>\n\t\t\t\t\t<div class=\"elementor-menu-toggle\" role=\"button\" tabindex=\"0\" aria-label=\"Alternar men\u00fa\" aria-expanded=\"false\">\n\t\t\t<svg aria-hidden=\"true\" role=\"presentation\" class=\"elementor-menu-toggle__icon--open e-font-icon-svg e-eicon-menu-bar\" viewBox=\"0 0 1000 1000\" xmlns=\"http:\/\/www.w3.org\/2000\/svg\"><path d=\"M104 333H896C929 333 958 304 958 271S929 208 896 208H104C71 208 42 237 42 271S71 333 104 333ZM104 583H896C929 583 958 554 958 521S929 458 896 458H104C71 458 42 487 42 521S71 583 104 583ZM104 833H896C929 833 958 804 958 771S929 708 896 708H104C71 708 42 737 42 771S71 833 104 833Z\"><\/path><\/svg><svg aria-hidden=\"true\" role=\"presentation\" class=\"elementor-menu-toggle__icon--close e-font-icon-svg e-eicon-close\" viewBox=\"0 0 1000 1000\" xmlns=\"http:\/\/www.w3.org\/2000\/svg\"><path d=\"M742 167L500 408 258 167C246 154 233 150 217 150 196 150 179 158 167 167 154 179 150 196 150 212 150 229 154 242 171 254L408 500 167 742C138 771 138 800 167 829 196 858 225 858 254 829L496 587 738 829C750 842 767 846 783 846 800 846 817 842 829 829 842 817 846 804 846 783 846 767 842 750 829 737L588 500 833 258C863 229 863 200 833 171 804 137 775 137 742 167Z\"><\/path><\/svg>\t\t<\/div>\n\t\t\t\t\t<nav class=\"elementor-nav-menu--dropdown elementor-nav-menu__container\" aria-hidden=\"true\">\n\t\t\t\t<ul id=\"menu-2-af2a6a3\" class=\"elementor-nav-menu\"><li class=\"menu-item menu-item-type-custom menu-item-object-custom menu-item-has-children menu-item-4196\"><a class=\"elementor-item\" tabindex=\"-1\">Qui\u00e9nes somos<\/a>\n<ul class=\"sub-menu elementor-nav-menu--dropdown\">\n\t<li class=\"menu-item menu-item-type-post_type menu-item-object-page menu-item-4197\"><a href=\"https:\/\/www.agromed.at\/es\/la-empresa\/\" class=\"elementor-sub-item\" tabindex=\"-1\">La empresa<\/a><\/li>\n\t<li class=\"menu-item menu-item-type-post_type menu-item-object-page menu-item-4199\"><a href=\"https:\/\/www.agromed.at\/es\/investigacion-2\/\" class=\"elementor-sub-item\" tabindex=\"-1\">Investigaci\u00f3n<\/a><\/li>\n\t<li class=\"menu-item menu-item-type-post_type menu-item-object-page menu-item-4200\"><a href=\"https:\/\/www.agromed.at\/es\/socios-exclusivos\/\" class=\"elementor-sub-item\" tabindex=\"-1\">Socios exclusivos<\/a><\/li>\n\t<li class=\"menu-item menu-item-type-post_type menu-item-object-page menu-item-4201\"><a href=\"https:\/\/www.agromed.at\/es\/carrera-profesional\/\" class=\"elementor-sub-item\" tabindex=\"-1\">Carrera profesional<\/a><\/li>\n\t<li class=\"menu-item menu-item-type-post_type menu-item-object-page menu-item-4202\"><a href=\"https:\/\/www.agromed.at\/es\/persona-de-contacto\/\" class=\"elementor-sub-item\" tabindex=\"-1\">Persona de contacto<\/a><\/li>\n\t<li class=\"menu-item menu-item-type-post_type menu-item-object-page menu-item-5075\"><a href=\"https:\/\/www.agromed.at\/es\/patent-co-agromed\/\" class=\"elementor-sub-item\" tabindex=\"-1\">A&#038;P Nutrition<\/a><\/li>\n<\/ul>\n<\/li>\n<li class=\"menu-item menu-item-type-custom menu-item-object-custom menu-item-has-children menu-item-4203\"><a class=\"elementor-item\" tabindex=\"-1\">Especie<\/a>\n<ul class=\"sub-menu elementor-nav-menu--dropdown\">\n\t<li class=\"menu-item menu-item-type-post_type menu-item-object-page menu-item-4204\"><a href=\"https:\/\/www.agromed.at\/es\/cerdos-2\/\" class=\"elementor-sub-item\" tabindex=\"-1\">Cerdos<\/a><\/li>\n\t<li class=\"menu-item menu-item-type-post_type menu-item-object-page menu-item-4205\"><a href=\"https:\/\/www.agromed.at\/es\/aves\/\" class=\"elementor-sub-item\" tabindex=\"-1\">Aves<\/a><\/li>\n\t<li class=\"menu-item menu-item-type-post_type menu-item-object-page menu-item-4206\"><a href=\"https:\/\/www.agromed.at\/es\/cerdos\/\" class=\"elementor-sub-item\" tabindex=\"-1\">Rumiantes<\/a><\/li>\n\t<li class=\"menu-item menu-item-type-post_type menu-item-object-page menu-item-4207\"><a href=\"https:\/\/www.agromed.at\/es\/mascotas\/\" class=\"elementor-sub-item\" tabindex=\"-1\">Mascotas<\/a><\/li>\n<\/ul>\n<\/li>\n<li class=\"menu-item menu-item-type-custom menu-item-object-custom menu-item-has-children menu-item-4208\"><a class=\"elementor-item\" tabindex=\"-1\">Producto<\/a>\n<ul class=\"sub-menu elementor-nav-menu--dropdown\">\n\t<li class=\"menu-item menu-item-type-custom menu-item-object-custom menu-item-has-children menu-item-4209\"><a class=\"elementor-sub-item\" tabindex=\"-1\">MYCOTOXIN MANAGEMENT<\/a>\n\t<ul class=\"sub-menu elementor-nav-menu--dropdown\">\n\t\t<li class=\"menu-item menu-item-type-custom menu-item-object-custom menu-item-4231\"><a href=\"https:\/\/www.agromed.at\/es\/producto-internacional\/mycoraid\/\" class=\"elementor-sub-item\" tabindex=\"-1\">MYCORAID<\/a><\/li>\n\t<\/ul>\n<\/li>\n\t<li class=\"menu-item menu-item-type-custom menu-item-object-custom menu-item-has-children menu-item-4210\"><a class=\"elementor-sub-item\" tabindex=\"-1\">MICROBIOME INTEGRITY<\/a>\n\t<ul class=\"sub-menu elementor-nav-menu--dropdown\">\n\t\t<li class=\"menu-item menu-item-type-custom menu-item-object-custom menu-item-4232\"><a href=\"https:\/\/www.agromed.at\/es\/producto-internacional\/opticell-2\/\" class=\"elementor-sub-item\" tabindex=\"-1\">OPTICELL<\/a><\/li>\n\t\t<li class=\"menu-item menu-item-type-custom menu-item-object-custom menu-item-4233\"><a href=\"https:\/\/www.agromed.at\/es\/producto-internacional\/dysguard-s\/\" class=\"elementor-sub-item\" tabindex=\"-1\">DYSGUARD-S<\/a><\/li>\n\t<\/ul>\n<\/li>\n\t<li class=\"menu-item menu-item-type-custom menu-item-object-custom menu-item-has-children menu-item-4211\"><a class=\"elementor-sub-item\" tabindex=\"-1\">ANIMAL HEALTH SUPPORT<\/a>\n\t<ul class=\"sub-menu elementor-nav-menu--dropdown\">\n\t\t<li class=\"menu-item menu-item-type-custom menu-item-object-custom menu-item-4234\"><a href=\"https:\/\/www.agromed.at\/es\/producto-internacional\/liquihype\/\" class=\"elementor-sub-item\" tabindex=\"-1\">LIQUIHYPE<\/a><\/li>\n\t\t<li class=\"menu-item menu-item-type-custom menu-item-object-custom menu-item-4235\"><a href=\"https:\/\/www.agromed.at\/es\/producto-internacional\/night-safe\/\" class=\"elementor-sub-item\" tabindex=\"-1\">RIDOFMITE<\/a><\/li>\n\t<\/ul>\n<\/li>\n\t<li class=\"menu-item menu-item-type-custom menu-item-object-custom menu-item-has-children menu-item-4230\"><a class=\"elementor-sub-item\" tabindex=\"-1\">GUT PERFORMANCE MANAGEMENT<\/a>\n\t<ul class=\"sub-menu elementor-nav-menu--dropdown\">\n\t\t<li class=\"menu-item menu-item-type-custom menu-item-object-custom menu-item-4236\"><a href=\"https:\/\/www.agromed.at\/es\/producto-internacional\/agromed-roi\/\" class=\"elementor-sub-item\" tabindex=\"-1\">AGROMED ROI<\/a><\/li>\n\t<\/ul>\n<\/li>\n<\/ul>\n<\/li>\n<li class=\"menu-item menu-item-type-custom menu-item-object-custom menu-item-has-children menu-item-4212\"><a class=\"elementor-item\" tabindex=\"-1\">News<\/a>\n<ul class=\"sub-menu elementor-nav-menu--dropdown\">\n\t<li class=\"menu-item menu-item-type-post_type menu-item-object-page menu-item-4213\"><a href=\"https:\/\/www.agromed.at\/es\/fiber-board-2024\/\" class=\"elementor-sub-item\" tabindex=\"-1\">Fibre Board 2024<\/a><\/li>\n\t<li class=\"menu-item menu-item-type-post_type menu-item-object-page menu-item-4237\"><a href=\"https:\/\/www.agromed.at\/es\/news\/\" class=\"elementor-sub-item\" tabindex=\"-1\">Publicaciones<\/a><\/li>\n<\/ul>\n<\/li>\n<li class=\"menu-item menu-item-type-custom menu-item-object-custom menu-item-has-children menu-item-4214\"><a class=\"elementor-item\" tabindex=\"-1\">Sostenibilidad<\/a>\n<ul class=\"sub-menu elementor-nav-menu--dropdown\">\n\t<li class=\"menu-item menu-item-type-post_type menu-item-object-page menu-item-4215\"><a href=\"https:\/\/www.agromed.at\/es\/nuestro-entendimiento\/\" class=\"elementor-sub-item\" tabindex=\"-1\">Nuestro entendimiento<\/a><\/li>\n\t<li class=\"menu-item menu-item-type-post_type menu-item-object-page menu-item-4216\"><a href=\"https:\/\/www.agromed.at\/es\/nuestra-estrategia\/\" class=\"elementor-sub-item\" tabindex=\"-1\">Nuestra estrategia<\/a><\/li>\n<\/ul>\n<\/li>\n<li class=\"menu-item menu-item-type-post_type menu-item-object-page menu-item-4217\"><a href=\"https:\/\/www.agromed.at\/es\/contacto\/\" class=\"elementor-item\" tabindex=\"-1\">Contacto<\/a><\/li>\n<\/ul>\t\t\t<\/nav>\n\t\t\t\t\t\t<\/div>\n\t\t\t\t\t<\/div>\n\t\t\t\t<\/div>\n\t\t<div data-dce-background-overlay-color=\"#000000\" data-dce-background-image-url=\"https:\/\/www.agromed.at\/wp-content\/uploads\/2025\/10\/shutterstock_602709533_Ioana-Rut_Legehenne-scaled.jpg\" class=\"elementor-element elementor-element-30af0ed e-con-full e-flex e-con e-parent\" data-id=\"30af0ed\" data-element_type=\"container\" data-e-type=\"container\" data-settings=\"{&quot;background_background&quot;:&quot;classic&quot;}\">\n\t\t\t\t<\/div>\n\t\t<div class=\"elementor-element elementor-element-afd82b7 e-flex e-con-boxed e-con e-parent\" data-id=\"afd82b7\" data-element_type=\"container\" data-e-type=\"container\" data-settings=\"{&quot;background_background&quot;:&quot;classic&quot;}\">\n\t\t\t\t\t<div class=\"e-con-inner\">\n\t\t\t\t<div class=\"elementor-element elementor-element-45ecb6f elementor-widget elementor-widget-heading\" data-id=\"45ecb6f\" data-element_type=\"widget\" data-e-type=\"widget\" data-widget_type=\"heading.default\">\n\t\t\t\t\t<h2 class=\"elementor-heading-title elementor-size-default\"><span class=\"green\">Aves<\/span><\/h2>\t\t\t\t<\/div>\n\t\t<div class=\"elementor-element elementor-element-dd7dd41 e-con-full e-flex e-con e-child\" data-id=\"dd7dd41\" data-element_type=\"container\" data-e-type=\"container\">\n\t\t\t\t<div class=\"elementor-element elementor-element-a081fdd dce_masking-none elementor-widget elementor-widget-image\" data-id=\"a081fdd\" data-element_type=\"widget\" data-e-type=\"widget\" data-widget_type=\"image.default\">\n\t\t\t\t\t\t\t\t\t\t\t\t\t\t\t<img loading=\"lazy\" decoding=\"async\" width=\"374\" height=\"374\" src=\"https:\/\/www.agromed.at\/wp-content\/uploads\/2025\/09\/ui-icon-animal-100px-huhn-light-active@2x.png\" class=\"attachment-large size-large wp-image-1238\" alt=\"\" srcset=\"https:\/\/www.agromed.at\/wp-content\/uploads\/2025\/09\/ui-icon-animal-100px-huhn-light-active@2x.png 374w, https:\/\/www.agromed.at\/wp-content\/uploads\/2025\/09\/ui-icon-animal-100px-huhn-light-active@2x-300x300.png 300w, https:\/\/www.agromed.at\/wp-content\/uploads\/2025\/09\/ui-icon-animal-100px-huhn-light-active@2x-150x150.png 150w\" sizes=\"auto, (max-width: 374px) 100vw, 374px\" \/>\t\t\t\t\t\t\t\t\t\t\t\t\t\t\t<\/div>\n\t\t\t\t<div class=\"elementor-element elementor-element-f41b060 elementor-widget elementor-widget-text-editor\" data-id=\"f41b060\" data-element_type=\"widget\" data-e-type=\"widget\" data-widget_type=\"text-editor.default\">\n\t\t\t\t\t\t\t\t\t<p>La producci\u00f3n av\u00edcola eficiente requiere el m\u00e1ximo cuidado en el manejo y la alimentaci\u00f3n de las aves. agromed ofrece la base para una granja av\u00edcola rentable y exitosa: productos de alta calidad que tienen como objetivo mantener a las aves vitales y robustas y, por lo tanto, permitir el mejor rendimiento de sus pollos de engorda, gallinas ponedoras o reproductoras. <\/p>\t\t\t\t\t\t\t\t<\/div>\n\t\t\t\t<\/div>\n\t\t\t\t\t<\/div>\n\t\t\t\t<\/div>\n\t\t<div data-dce-background-color=\"#4B4B4A\" class=\"elementor-element elementor-element-51f6569 e-flex e-con-boxed e-con e-parent\" data-id=\"51f6569\" data-element_type=\"container\" data-e-type=\"container\" data-settings=\"{&quot;background_background&quot;:&quot;classic&quot;}\">\n\t\t\t\t\t<div class=\"e-con-inner\">\n\t\t\t\t<div class=\"elementor-element elementor-element-58f8828 elementor-widget__width-initial elementor-widget elementor-widget-heading\" data-id=\"58f8828\" data-element_type=\"widget\" data-e-type=\"widget\" data-widget_type=\"heading.default\">\n\t\t\t\t\t<h2 class=\"elementor-heading-title elementor-size-default\">Calidad, <span class=\"green\">naturaleza<\/span> y m\u00e1s rendimiento<\/h2>\t\t\t\t<\/div>\n\t\t\t\t<div class=\"elementor-element elementor-element-1fee502 elementor-widget__width-initial elementor-widget elementor-widget-text-editor\" data-id=\"1fee502\" data-element_type=\"widget\" data-e-type=\"widget\" data-widget_type=\"text-editor.default\">\n\t\t\t\t\t\t\t\t\t<p>Nuestros productos mejoran la digesti\u00f3n del pienso, optimizan la producci\u00f3n de huevos, aumentan las tasas de crecimiento y fortalecen la integridad intestinal. Las soluciones de cama, compuestas por una mezcla de lignocelulosa y extractos vegetales, protegen las pezu\u00f1as, las mantienen secas y reducen la inflamaci\u00f3n de las articulaciones y las lesiones en las pezu\u00f1as, adem\u00e1s de ser hipoalerg\u00e9nicas y libres de g\u00e9rmenes. <\/p>\t\t\t\t\t\t\t\t<\/div>\n\t\t\t\t\t<\/div>\n\t\t\t\t<\/div>\n\t\t<div class=\"elementor-element elementor-element-44d282d e-grid e-con-boxed e-con e-parent\" data-id=\"44d282d\" data-element_type=\"container\" data-e-type=\"container\">\n\t\t\t\t\t<div class=\"e-con-inner\">\n\t\t\t\t<div class=\"elementor-element elementor-element-f54ecb7 elementor-widget elementor-widget-heading\" data-id=\"f54ecb7\" data-element_type=\"widget\" data-e-type=\"widget\" data-widget_type=\"heading.default\">\n\t\t\t\t\t<h2 class=\"elementor-heading-title elementor-size-default\">Productos para Aves<\/h2>\t\t\t\t<\/div>\n\t\t\t\t\t<\/div>\n\t\t\t\t<\/div>\n\t\t<div class=\"elementor-element elementor-element-cd61360 e-flex e-con-boxed e-con e-parent\" data-id=\"cd61360\" data-element_type=\"container\" data-e-type=\"container\">\n\t\t\t\t\t<div class=\"e-con-inner\">\n\t\t\t\t<div class=\"elementor-element elementor-element-1987d9a products elementor-pagination-type-bullets elementor-arrows-position-inside elementor-pagination-position-outside elementor-widget elementor-widget-loop-carousel\" data-id=\"1987d9a\" data-element_type=\"widget\" data-e-type=\"widget\" data-settings=\"{&quot;template_id&quot;:1251,&quot;slides_to_show&quot;:&quot;2&quot;,&quot;image_spacing_custom&quot;:{&quot;unit&quot;:&quot;px&quot;,&quot;size&quot;:3,&quot;sizes&quot;:[]},&quot;slides_to_show_laptop&quot;:&quot;2&quot;,&quot;slides_to_scroll&quot;:&quot;2&quot;,&quot;slides_to_show_tablet&quot;:&quot;1&quot;,&quot;slides_to_scroll_laptop&quot;:&quot;2&quot;,&quot;slides_to_scroll_tablet&quot;:&quot;1&quot;,&quot;slides_to_scroll_mobile&quot;:&quot;1&quot;,&quot;_skin&quot;:&quot;post&quot;,&quot;slides_to_show_mobile&quot;:&quot;1&quot;,&quot;edit_handle_selector&quot;:&quot;.elementor-loop-container&quot;,&quot;infinite&quot;:&quot;yes&quot;,&quot;speed&quot;:500,&quot;offset_sides&quot;:&quot;none&quot;,&quot;arrows&quot;:&quot;yes&quot;,&quot;pagination&quot;:&quot;bullets&quot;,&quot;image_spacing_custom_laptop&quot;:{&quot;unit&quot;:&quot;px&quot;,&quot;size&quot;:&quot;&quot;,&quot;sizes&quot;:[]},&quot;image_spacing_custom_tablet&quot;:{&quot;unit&quot;:&quot;px&quot;,&quot;size&quot;:&quot;&quot;,&quot;sizes&quot;:[]},&quot;image_spacing_custom_mobile&quot;:{&quot;unit&quot;:&quot;px&quot;,&quot;size&quot;:&quot;&quot;,&quot;sizes&quot;:[]}}\" data-widget_type=\"loop-carousel.post\">\n\t\t\t\t\t<div class=\"dce-transforms\"><div class=\"dce-transforms-wrap\">\t\t<div class=\"e-loop-nothing-found-message\">\n\t\t<\/div>\n\t\t<\/div><\/div>\t\t\t\t<\/div>\n\t\t\t\t\t<\/div>\n\t\t\t\t<\/div>\n\t\t\t\t<\/div>\n\t\t","protected":false},"excerpt":{"rendered":"<p>Aves La producci\u00f3n av\u00edcola eficiente requiere el m\u00e1ximo cuidado en el manejo y la alimentaci\u00f3n de las aves. agromed ofrece la base para una granja av\u00edcola rentable y exitosa: productos de alta calidad que tienen como objetivo mantener a las aves vitales y robustas y, por lo tanto, permitir el mejor rendimiento de sus pollos [&hellip;]<\/p>\n","protected":false},"author":1,"featured_media":0,"parent":0,"menu_order":0,"comment_status":"closed","ping_status":"closed","template":"","meta":{"_acf_changed":false,"footnotes":""},"class_list":["post-3112","page","type-page","status-publish","hentry"],"acf":[],"_links":{"self":[{"href":"https:\/\/www.agromed.at\/es\/wp-json\/wp\/v2\/pages\/3112","targetHints":{"allow":["GET"]}}],"collection":[{"href":"https:\/\/www.agromed.at\/es\/wp-json\/wp\/v2\/pages"}],"about":[{"href":"https:\/\/www.agromed.at\/es\/wp-json\/wp\/v2\/types\/page"}],"author":[{"embeddable":true,"href":"https:\/\/www.agromed.at\/es\/wp-json\/wp\/v2\/users\/1"}],"replies":[{"embeddable":true,"href":"https:\/\/www.agromed.at\/es\/wp-json\/wp\/v2\/comments?post=3112"}],"version-history":[{"count":3,"href":"https:\/\/www.agromed.at\/es\/wp-json\/wp\/v2\/pages\/3112\/revisions"}],"predecessor-version":[{"id":3153,"href":"https:\/\/www.agromed.at\/es\/wp-json\/wp\/v2\/pages\/3112\/revisions\/3153"}],"wp:attachment":[{"href":"https:\/\/www.agromed.at\/es\/wp-json\/wp\/v2\/media?parent=3112"}],"curies":[{"name":"wp","href":"https:\/\/api.w.org\/{rel}","templated":true}]}}