{"id":3244,"date":"2026-02-12T16:50:30","date_gmt":"2026-02-12T15:50:30","guid":{"rendered":"https:\/\/agromed.at\/?page_id=3244"},"modified":"2026-02-12T16:50:30","modified_gmt":"2026-02-12T15:50:30","slug":"nuestra-estrategia","status":"publish","type":"page","link":"https:\/\/www.agromed.at\/es\/nuestra-estrategia\/","title":{"rendered":"Nuestra estrategia"},"content":{"rendered":"\t\t<div data-elementor-type=\"wp-page\" data-elementor-id=\"3244\" class=\"elementor elementor-3244 elementor-3242\" data-elementor-post-type=\"page\">\n\t\t\t\t<div class=\"elementor-element elementor-element-fd62b07 e-grid elementor-hidden-tablet elementor-hidden-mobile e-con-boxed e-con e-parent\" data-id=\"fd62b07\" data-element_type=\"container\" data-e-type=\"container\">\n\t\t\t\t\t<div class=\"e-con-inner\">\n\t\t\t\t<div class=\"elementor-element elementor-element-af2a6a3 elementor-hidden-tablet elementor-hidden-mobile elementor-nav-menu--dropdown-tablet elementor-nav-menu__text-align-aside elementor-nav-menu--toggle elementor-nav-menu--burger elementor-widget elementor-widget-nav-menu\" data-id=\"af2a6a3\" data-element_type=\"widget\" data-e-type=\"widget\" data-settings=\"{&quot;layout&quot;:&quot;horizontal&quot;,&quot;submenu_icon&quot;:{&quot;value&quot;:&quot;&lt;svg aria-hidden=\\&quot;true\\&quot; class=\\&quot;e-font-icon-svg e-fas-caret-down\\&quot; viewBox=\\&quot;0 0 320 512\\&quot; xmlns=\\&quot;http:\\\/\\\/www.w3.org\\\/2000\\\/svg\\&quot;&gt;&lt;path d=\\&quot;M31.3 192h257.3c17.8 0 26.7 21.5 14.1 34.1L174.1 354.8c-7.8 7.8-20.5 7.8-28.3 0L17.2 226.1C4.6 213.5 13.5 192 31.3 192z\\&quot;&gt;&lt;\\\/path&gt;&lt;\\\/svg&gt;&quot;,&quot;library&quot;:&quot;fa-solid&quot;},&quot;toggle&quot;:&quot;burger&quot;}\" data-widget_type=\"nav-menu.default\">\n\t\t\t\t\t\t\t\t<nav aria-label=\"Men\u00fc\" class=\"elementor-nav-menu--main elementor-nav-menu__container elementor-nav-menu--layout-horizontal e--pointer-none\">\n\t\t\t\t<ul id=\"menu-1-af2a6a3\" class=\"elementor-nav-menu\"><li class=\"menu-item menu-item-type-custom menu-item-object-custom menu-item-has-children menu-item-4196\"><a class=\"elementor-item\">Qui\u00e9nes somos<\/a>\n<ul class=\"sub-menu elementor-nav-menu--dropdown\">\n\t<li class=\"menu-item menu-item-type-post_type menu-item-object-page menu-item-4197\"><a href=\"https:\/\/www.agromed.at\/es\/la-empresa\/\" class=\"elementor-sub-item\">La empresa<\/a><\/li>\n\t<li class=\"menu-item menu-item-type-post_type menu-item-object-page menu-item-4199\"><a href=\"https:\/\/www.agromed.at\/es\/investigacion-2\/\" class=\"elementor-sub-item\">Investigaci\u00f3n<\/a><\/li>\n\t<li class=\"menu-item menu-item-type-post_type menu-item-object-page menu-item-4200\"><a href=\"https:\/\/www.agromed.at\/es\/socios-exclusivos\/\" class=\"elementor-sub-item\">Socios exclusivos<\/a><\/li>\n\t<li class=\"menu-item menu-item-type-post_type menu-item-object-page menu-item-4201\"><a href=\"https:\/\/www.agromed.at\/es\/carrera-profesional\/\" class=\"elementor-sub-item\">Carrera profesional<\/a><\/li>\n\t<li class=\"menu-item menu-item-type-post_type menu-item-object-page menu-item-4202\"><a href=\"https:\/\/www.agromed.at\/es\/persona-de-contacto\/\" class=\"elementor-sub-item\">Persona de contacto<\/a><\/li>\n\t<li class=\"menu-item menu-item-type-post_type menu-item-object-page menu-item-5075\"><a href=\"https:\/\/www.agromed.at\/es\/patent-co-agromed\/\" class=\"elementor-sub-item\">A&#038;P Nutrition<\/a><\/li>\n<\/ul>\n<\/li>\n<li class=\"menu-item menu-item-type-custom menu-item-object-custom menu-item-has-children menu-item-4203\"><a class=\"elementor-item\">Especie<\/a>\n<ul class=\"sub-menu elementor-nav-menu--dropdown\">\n\t<li class=\"menu-item menu-item-type-post_type menu-item-object-page menu-item-4204\"><a href=\"https:\/\/www.agromed.at\/es\/cerdos-2\/\" class=\"elementor-sub-item\">Cerdos<\/a><\/li>\n\t<li class=\"menu-item menu-item-type-post_type menu-item-object-page menu-item-4205\"><a href=\"https:\/\/www.agromed.at\/es\/aves\/\" class=\"elementor-sub-item\">Aves<\/a><\/li>\n\t<li class=\"menu-item menu-item-type-post_type menu-item-object-page menu-item-4206\"><a href=\"https:\/\/www.agromed.at\/es\/cerdos\/\" class=\"elementor-sub-item\">Rumiantes<\/a><\/li>\n\t<li class=\"menu-item menu-item-type-post_type menu-item-object-page menu-item-4207\"><a href=\"https:\/\/www.agromed.at\/es\/mascotas\/\" class=\"elementor-sub-item\">Mascotas<\/a><\/li>\n<\/ul>\n<\/li>\n<li class=\"menu-item menu-item-type-custom menu-item-object-custom menu-item-has-children menu-item-4208\"><a class=\"elementor-item\">Producto<\/a>\n<ul class=\"sub-menu elementor-nav-menu--dropdown\">\n\t<li class=\"menu-item menu-item-type-custom menu-item-object-custom menu-item-has-children menu-item-4209\"><a class=\"elementor-sub-item\">MYCOTOXIN MANAGEMENT<\/a>\n\t<ul class=\"sub-menu elementor-nav-menu--dropdown\">\n\t\t<li class=\"menu-item menu-item-type-custom menu-item-object-custom menu-item-4231\"><a href=\"https:\/\/www.agromed.at\/es\/producto-internacional\/mycoraid\/\" class=\"elementor-sub-item\">MYCORAID<\/a><\/li>\n\t<\/ul>\n<\/li>\n\t<li class=\"menu-item menu-item-type-custom menu-item-object-custom menu-item-has-children menu-item-4210\"><a class=\"elementor-sub-item\">MICROBIOME INTEGRITY<\/a>\n\t<ul class=\"sub-menu elementor-nav-menu--dropdown\">\n\t\t<li class=\"menu-item menu-item-type-custom menu-item-object-custom menu-item-4232\"><a href=\"https:\/\/www.agromed.at\/es\/producto-internacional\/opticell-2\/\" class=\"elementor-sub-item\">OPTICELL<\/a><\/li>\n\t\t<li class=\"menu-item menu-item-type-custom menu-item-object-custom menu-item-4233\"><a href=\"https:\/\/www.agromed.at\/es\/producto-internacional\/dysguard-s\/\" class=\"elementor-sub-item\">DYSGUARD-S<\/a><\/li>\n\t<\/ul>\n<\/li>\n\t<li class=\"menu-item menu-item-type-custom menu-item-object-custom menu-item-has-children menu-item-4211\"><a class=\"elementor-sub-item\">ANIMAL HEALTH SUPPORT<\/a>\n\t<ul class=\"sub-menu elementor-nav-menu--dropdown\">\n\t\t<li class=\"menu-item menu-item-type-custom menu-item-object-custom menu-item-4234\"><a href=\"https:\/\/www.agromed.at\/es\/producto-internacional\/liquihype\/\" class=\"elementor-sub-item\">LIQUIHYPE<\/a><\/li>\n\t\t<li class=\"menu-item menu-item-type-custom menu-item-object-custom menu-item-4235\"><a href=\"https:\/\/www.agromed.at\/es\/producto-internacional\/night-safe\/\" class=\"elementor-sub-item\">RIDOFMITE<\/a><\/li>\n\t<\/ul>\n<\/li>\n\t<li class=\"menu-item menu-item-type-custom menu-item-object-custom menu-item-has-children menu-item-4230\"><a class=\"elementor-sub-item\">GUT PERFORMANCE MANAGEMENT<\/a>\n\t<ul class=\"sub-menu elementor-nav-menu--dropdown\">\n\t\t<li class=\"menu-item menu-item-type-custom menu-item-object-custom menu-item-4236\"><a href=\"https:\/\/www.agromed.at\/es\/producto-internacional\/agromed-roi\/\" class=\"elementor-sub-item\">AGROMED ROI<\/a><\/li>\n\t<\/ul>\n<\/li>\n<\/ul>\n<\/li>\n<li class=\"menu-item menu-item-type-custom menu-item-object-custom menu-item-has-children menu-item-4212\"><a class=\"elementor-item\">News<\/a>\n<ul class=\"sub-menu elementor-nav-menu--dropdown\">\n\t<li class=\"menu-item menu-item-type-post_type menu-item-object-page menu-item-4213\"><a href=\"https:\/\/www.agromed.at\/es\/fiber-board-2024\/\" class=\"elementor-sub-item\">Fibre Board 2024<\/a><\/li>\n\t<li class=\"menu-item menu-item-type-post_type menu-item-object-page menu-item-4237\"><a href=\"https:\/\/www.agromed.at\/es\/news\/\" class=\"elementor-sub-item\">Publicaciones<\/a><\/li>\n<\/ul>\n<\/li>\n<li class=\"menu-item menu-item-type-custom menu-item-object-custom menu-item-has-children menu-item-4214\"><a class=\"elementor-item\">Sostenibilidad<\/a>\n<ul class=\"sub-menu elementor-nav-menu--dropdown\">\n\t<li class=\"menu-item menu-item-type-post_type menu-item-object-page menu-item-4215\"><a href=\"https:\/\/www.agromed.at\/es\/nuestro-entendimiento\/\" class=\"elementor-sub-item\">Nuestro entendimiento<\/a><\/li>\n\t<li class=\"menu-item menu-item-type-post_type menu-item-object-page menu-item-4216\"><a href=\"https:\/\/www.agromed.at\/es\/nuestra-estrategia\/\" class=\"elementor-sub-item\">Nuestra estrategia<\/a><\/li>\n<\/ul>\n<\/li>\n<li class=\"menu-item menu-item-type-post_type menu-item-object-page menu-item-4217\"><a href=\"https:\/\/www.agromed.at\/es\/contacto\/\" class=\"elementor-item\">Contacto<\/a><\/li>\n<\/ul>\t\t\t<\/nav>\n\t\t\t\t\t<div class=\"elementor-menu-toggle\" role=\"button\" tabindex=\"0\" aria-label=\"Alternar men\u00fa\" aria-expanded=\"false\">\n\t\t\t<svg aria-hidden=\"true\" role=\"presentation\" class=\"elementor-menu-toggle__icon--open e-font-icon-svg e-eicon-menu-bar\" viewBox=\"0 0 1000 1000\" xmlns=\"http:\/\/www.w3.org\/2000\/svg\"><path d=\"M104 333H896C929 333 958 304 958 271S929 208 896 208H104C71 208 42 237 42 271S71 333 104 333ZM104 583H896C929 583 958 554 958 521S929 458 896 458H104C71 458 42 487 42 521S71 583 104 583ZM104 833H896C929 833 958 804 958 771S929 708 896 708H104C71 708 42 737 42 771S71 833 104 833Z\"><\/path><\/svg><svg aria-hidden=\"true\" role=\"presentation\" class=\"elementor-menu-toggle__icon--close e-font-icon-svg e-eicon-close\" viewBox=\"0 0 1000 1000\" xmlns=\"http:\/\/www.w3.org\/2000\/svg\"><path d=\"M742 167L500 408 258 167C246 154 233 150 217 150 196 150 179 158 167 167 154 179 150 196 150 212 150 229 154 242 171 254L408 500 167 742C138 771 138 800 167 829 196 858 225 858 254 829L496 587 738 829C750 842 767 846 783 846 800 846 817 842 829 829 842 817 846 804 846 783 846 767 842 750 829 737L588 500 833 258C863 229 863 200 833 171 804 137 775 137 742 167Z\"><\/path><\/svg>\t\t<\/div>\n\t\t\t\t\t<nav class=\"elementor-nav-menu--dropdown elementor-nav-menu__container\" aria-hidden=\"true\">\n\t\t\t\t<ul id=\"menu-2-af2a6a3\" class=\"elementor-nav-menu\"><li class=\"menu-item menu-item-type-custom menu-item-object-custom menu-item-has-children menu-item-4196\"><a class=\"elementor-item\" tabindex=\"-1\">Qui\u00e9nes somos<\/a>\n<ul class=\"sub-menu elementor-nav-menu--dropdown\">\n\t<li class=\"menu-item menu-item-type-post_type menu-item-object-page menu-item-4197\"><a href=\"https:\/\/www.agromed.at\/es\/la-empresa\/\" class=\"elementor-sub-item\" tabindex=\"-1\">La empresa<\/a><\/li>\n\t<li class=\"menu-item menu-item-type-post_type menu-item-object-page menu-item-4199\"><a href=\"https:\/\/www.agromed.at\/es\/investigacion-2\/\" class=\"elementor-sub-item\" tabindex=\"-1\">Investigaci\u00f3n<\/a><\/li>\n\t<li class=\"menu-item menu-item-type-post_type menu-item-object-page menu-item-4200\"><a href=\"https:\/\/www.agromed.at\/es\/socios-exclusivos\/\" class=\"elementor-sub-item\" tabindex=\"-1\">Socios exclusivos<\/a><\/li>\n\t<li class=\"menu-item menu-item-type-post_type menu-item-object-page menu-item-4201\"><a href=\"https:\/\/www.agromed.at\/es\/carrera-profesional\/\" class=\"elementor-sub-item\" tabindex=\"-1\">Carrera profesional<\/a><\/li>\n\t<li class=\"menu-item menu-item-type-post_type menu-item-object-page menu-item-4202\"><a href=\"https:\/\/www.agromed.at\/es\/persona-de-contacto\/\" class=\"elementor-sub-item\" tabindex=\"-1\">Persona de contacto<\/a><\/li>\n\t<li class=\"menu-item menu-item-type-post_type menu-item-object-page menu-item-5075\"><a href=\"https:\/\/www.agromed.at\/es\/patent-co-agromed\/\" class=\"elementor-sub-item\" tabindex=\"-1\">A&#038;P Nutrition<\/a><\/li>\n<\/ul>\n<\/li>\n<li class=\"menu-item menu-item-type-custom menu-item-object-custom menu-item-has-children menu-item-4203\"><a class=\"elementor-item\" tabindex=\"-1\">Especie<\/a>\n<ul class=\"sub-menu elementor-nav-menu--dropdown\">\n\t<li class=\"menu-item menu-item-type-post_type menu-item-object-page menu-item-4204\"><a href=\"https:\/\/www.agromed.at\/es\/cerdos-2\/\" class=\"elementor-sub-item\" tabindex=\"-1\">Cerdos<\/a><\/li>\n\t<li class=\"menu-item menu-item-type-post_type menu-item-object-page menu-item-4205\"><a href=\"https:\/\/www.agromed.at\/es\/aves\/\" class=\"elementor-sub-item\" tabindex=\"-1\">Aves<\/a><\/li>\n\t<li class=\"menu-item menu-item-type-post_type menu-item-object-page menu-item-4206\"><a href=\"https:\/\/www.agromed.at\/es\/cerdos\/\" class=\"elementor-sub-item\" tabindex=\"-1\">Rumiantes<\/a><\/li>\n\t<li class=\"menu-item menu-item-type-post_type menu-item-object-page menu-item-4207\"><a href=\"https:\/\/www.agromed.at\/es\/mascotas\/\" class=\"elementor-sub-item\" tabindex=\"-1\">Mascotas<\/a><\/li>\n<\/ul>\n<\/li>\n<li class=\"menu-item menu-item-type-custom menu-item-object-custom menu-item-has-children menu-item-4208\"><a class=\"elementor-item\" tabindex=\"-1\">Producto<\/a>\n<ul class=\"sub-menu elementor-nav-menu--dropdown\">\n\t<li class=\"menu-item menu-item-type-custom menu-item-object-custom menu-item-has-children menu-item-4209\"><a class=\"elementor-sub-item\" tabindex=\"-1\">MYCOTOXIN MANAGEMENT<\/a>\n\t<ul class=\"sub-menu elementor-nav-menu--dropdown\">\n\t\t<li class=\"menu-item menu-item-type-custom menu-item-object-custom menu-item-4231\"><a href=\"https:\/\/www.agromed.at\/es\/producto-internacional\/mycoraid\/\" class=\"elementor-sub-item\" tabindex=\"-1\">MYCORAID<\/a><\/li>\n\t<\/ul>\n<\/li>\n\t<li class=\"menu-item menu-item-type-custom menu-item-object-custom menu-item-has-children menu-item-4210\"><a class=\"elementor-sub-item\" tabindex=\"-1\">MICROBIOME INTEGRITY<\/a>\n\t<ul class=\"sub-menu elementor-nav-menu--dropdown\">\n\t\t<li class=\"menu-item menu-item-type-custom menu-item-object-custom menu-item-4232\"><a href=\"https:\/\/www.agromed.at\/es\/producto-internacional\/opticell-2\/\" class=\"elementor-sub-item\" tabindex=\"-1\">OPTICELL<\/a><\/li>\n\t\t<li class=\"menu-item menu-item-type-custom menu-item-object-custom menu-item-4233\"><a href=\"https:\/\/www.agromed.at\/es\/producto-internacional\/dysguard-s\/\" class=\"elementor-sub-item\" tabindex=\"-1\">DYSGUARD-S<\/a><\/li>\n\t<\/ul>\n<\/li>\n\t<li class=\"menu-item menu-item-type-custom menu-item-object-custom menu-item-has-children menu-item-4211\"><a class=\"elementor-sub-item\" tabindex=\"-1\">ANIMAL HEALTH SUPPORT<\/a>\n\t<ul class=\"sub-menu elementor-nav-menu--dropdown\">\n\t\t<li class=\"menu-item menu-item-type-custom menu-item-object-custom menu-item-4234\"><a href=\"https:\/\/www.agromed.at\/es\/producto-internacional\/liquihype\/\" class=\"elementor-sub-item\" tabindex=\"-1\">LIQUIHYPE<\/a><\/li>\n\t\t<li class=\"menu-item menu-item-type-custom menu-item-object-custom menu-item-4235\"><a href=\"https:\/\/www.agromed.at\/es\/producto-internacional\/night-safe\/\" class=\"elementor-sub-item\" tabindex=\"-1\">RIDOFMITE<\/a><\/li>\n\t<\/ul>\n<\/li>\n\t<li class=\"menu-item menu-item-type-custom menu-item-object-custom menu-item-has-children menu-item-4230\"><a class=\"elementor-sub-item\" tabindex=\"-1\">GUT PERFORMANCE MANAGEMENT<\/a>\n\t<ul class=\"sub-menu elementor-nav-menu--dropdown\">\n\t\t<li class=\"menu-item menu-item-type-custom menu-item-object-custom menu-item-4236\"><a href=\"https:\/\/www.agromed.at\/es\/producto-internacional\/agromed-roi\/\" class=\"elementor-sub-item\" tabindex=\"-1\">AGROMED ROI<\/a><\/li>\n\t<\/ul>\n<\/li>\n<\/ul>\n<\/li>\n<li class=\"menu-item menu-item-type-custom menu-item-object-custom menu-item-has-children menu-item-4212\"><a class=\"elementor-item\" tabindex=\"-1\">News<\/a>\n<ul class=\"sub-menu elementor-nav-menu--dropdown\">\n\t<li class=\"menu-item menu-item-type-post_type menu-item-object-page menu-item-4213\"><a href=\"https:\/\/www.agromed.at\/es\/fiber-board-2024\/\" class=\"elementor-sub-item\" tabindex=\"-1\">Fibre Board 2024<\/a><\/li>\n\t<li class=\"menu-item menu-item-type-post_type menu-item-object-page menu-item-4237\"><a href=\"https:\/\/www.agromed.at\/es\/news\/\" class=\"elementor-sub-item\" tabindex=\"-1\">Publicaciones<\/a><\/li>\n<\/ul>\n<\/li>\n<li class=\"menu-item menu-item-type-custom menu-item-object-custom menu-item-has-children menu-item-4214\"><a class=\"elementor-item\" tabindex=\"-1\">Sostenibilidad<\/a>\n<ul class=\"sub-menu elementor-nav-menu--dropdown\">\n\t<li class=\"menu-item menu-item-type-post_type menu-item-object-page menu-item-4215\"><a href=\"https:\/\/www.agromed.at\/es\/nuestro-entendimiento\/\" class=\"elementor-sub-item\" tabindex=\"-1\">Nuestro entendimiento<\/a><\/li>\n\t<li class=\"menu-item menu-item-type-post_type menu-item-object-page menu-item-4216\"><a href=\"https:\/\/www.agromed.at\/es\/nuestra-estrategia\/\" class=\"elementor-sub-item\" tabindex=\"-1\">Nuestra estrategia<\/a><\/li>\n<\/ul>\n<\/li>\n<li class=\"menu-item menu-item-type-post_type menu-item-object-page menu-item-4217\"><a href=\"https:\/\/www.agromed.at\/es\/contacto\/\" class=\"elementor-item\" tabindex=\"-1\">Contacto<\/a><\/li>\n<\/ul>\t\t\t<\/nav>\n\t\t\t\t\t\t<\/div>\n\t\t\t\t\t<\/div>\n\t\t\t\t<\/div>\n\t\t<div data-dce-background-overlay-color=\"#000000\" data-dce-background-image-url=\"https:\/\/www.agromed.at\/wp-content\/uploads\/2026\/02\/csm_shutterstock_1869043234_ad80065b4e.jpg\" class=\"elementor-element elementor-element-30af0ed e-con-full e-flex e-con e-parent\" data-id=\"30af0ed\" data-element_type=\"container\" data-e-type=\"container\" data-settings=\"{&quot;background_background&quot;:&quot;classic&quot;}\">\n\t\t\t\t<\/div>\n\t\t<div class=\"elementor-element elementor-element-afd82b7 e-flex e-con-boxed e-con e-parent\" data-id=\"afd82b7\" data-element_type=\"container\" data-e-type=\"container\" data-settings=\"{&quot;background_background&quot;:&quot;classic&quot;}\">\n\t\t\t\t\t<div class=\"e-con-inner\">\n\t\t\t\t<div class=\"elementor-element elementor-element-45ecb6f elementor-widget elementor-widget-heading\" data-id=\"45ecb6f\" data-element_type=\"widget\" data-e-type=\"widget\" data-widget_type=\"heading.default\">\n\t\t\t\t\t<h2 class=\"elementor-heading-title elementor-size-default\"><font color=\"#a0bf38\">Con respeto por los animales, las personas y el medio ambiente<\/font><\/h2>\t\t\t\t<\/div>\n\t\t<div class=\"elementor-element elementor-element-dd7dd41 e-con-full e-flex e-con e-child\" data-id=\"dd7dd41\" data-element_type=\"container\" data-e-type=\"container\">\n\t\t\t\t<div class=\"elementor-element elementor-element-f41b060 elementor-widget elementor-widget-text-editor\" data-id=\"f41b060\" data-element_type=\"widget\" data-e-type=\"widget\" data-widget_type=\"text-editor.default\">\n\t\t\t\t\t\t\t\t\t<p><span style=\"font-size: 16px;\">Nuestro enfoque en productos a base de madera nos proporciona una base sustentable. Pero eso no es suficiente para nosotros. La sustentabilidad debe llegar m\u00e1s lejos.  <\/span><\/p>\t\t\t\t\t\t\t\t<\/div>\n\t\t\t\t<\/div>\n\t\t\t\t\t<\/div>\n\t\t\t\t<\/div>\n\t\t<div data-dce-background-color=\"#4B4B4A\" class=\"elementor-element elementor-element-51f6569 e-flex e-con-boxed e-con e-parent\" data-id=\"51f6569\" data-element_type=\"container\" data-e-type=\"container\" data-settings=\"{&quot;background_background&quot;:&quot;classic&quot;}\">\n\t\t\t\t\t<div class=\"e-con-inner\">\n\t\t\t\t<div class=\"elementor-element elementor-element-1fee502 elementor-widget__width-initial elementor-widget-laptop__width-initial elementor-widget elementor-widget-text-editor\" data-id=\"1fee502\" data-element_type=\"widget\" data-e-type=\"widget\" data-widget_type=\"text-editor.default\">\n\t\t\t\t\t\t\t\t\t<p>La sustentabilidad debe reflejarse en nuestra estrategia, nuestros procesos, la organizaci\u00f3n y en las acciones de nuestros empleados. <\/p>\t\t\t\t\t\t\t\t<\/div>\n\t\t\t\t\t<\/div>\n\t\t\t\t<\/div>\n\t\t<div class=\"elementor-element elementor-element-28b01d9 e-flex e-con-boxed e-con e-parent\" data-id=\"28b01d9\" data-element_type=\"container\" data-e-type=\"container\">\n\t\t\t\t\t<div class=\"e-con-inner\">\n\t\t<div class=\"elementor-element elementor-element-842feed e-con-full e-flex e-con e-child\" data-id=\"842feed\" data-element_type=\"container\" data-e-type=\"container\">\n\t\t\t\t<div class=\"elementor-element elementor-element-4917aea elementor-widget elementor-widget-text-editor\" data-id=\"4917aea\" data-element_type=\"widget\" data-e-type=\"widget\" data-widget_type=\"text-editor.default\">\n\t\t\t\t\t\t\t\t\t<h1><strong>ESTRATEGIA &#8211; <\/strong><br><strong>PROCESOS &#8211;<br>ORGANIZACI\u00d3N &#8211; <br>EMPLEADOS<\/strong><\/h1>\t\t\t\t\t\t\t\t<\/div>\n\t\t\t\t<\/div>\n\t\t<div class=\"elementor-element elementor-element-7c9aaa7 e-con-full e-flex e-con e-child\" data-id=\"7c9aaa7\" data-element_type=\"container\" data-e-type=\"container\">\n\t\t\t\t<div class=\"elementor-element elementor-element-1049536 elementor-widget-laptop__width-initial elementor-widget elementor-widget-text-editor\" data-id=\"1049536\" data-element_type=\"widget\" data-e-type=\"widget\" data-widget_type=\"text-editor.default\">\n\t\t\t\t\t\t\t\t\t<div id=\"c7693\" class=\"frame frame-default frame-type-textpic frame-layout-0\"><div class=\"ce-textpic ce-center ce-above\"><div class=\"ce-bodytext\"><p>\u00a1Lo m\u00e1s importante son los empleados! Tienen que adoptar las medidas. En agromed participan activamente en nuestra estrategia de sustentabilidad. Nuestros empleados son nuestros multiplicadores m\u00e1s fuertes: no solo queremos ser sustentables, tambi\u00e9n queremos ser percibidos como tales.    <strong>\u00a1Queremos ser un modelo a seguir para los dem\u00e1s!<\/strong><\/p><\/div><\/div><\/div>\t\t\t\t\t\t\t\t<\/div>\n\t\t\t\t<\/div>\n\t\t\t\t\t<\/div>\n\t\t\t\t<\/div>\n\t\t<div class=\"elementor-element elementor-element-6cafc65 e-flex e-con-boxed e-con e-parent\" data-id=\"6cafc65\" data-element_type=\"container\" data-e-type=\"container\">\n\t\t\t\t\t<div class=\"e-con-inner\">\n\t\t<div class=\"elementor-element elementor-element-0514c06 e-con-full e-flex e-con e-child\" data-id=\"0514c06\" data-element_type=\"container\" data-e-type=\"container\">\n\t\t\t\t<div class=\"elementor-element elementor-element-128bdd0 elementor-widget elementor-widget-text-editor\" data-id=\"128bdd0\" data-element_type=\"widget\" data-e-type=\"widget\" data-widget_type=\"text-editor.default\">\n\t\t\t\t\t\t\t\t\t<h1><strong>NUESTRO CAMINO HACIA <br>EL CONCEPTO DE RSE<br> <\/strong><\/h1>\t\t\t\t\t\t\t\t<\/div>\n\t\t\t\t<\/div>\n\t\t<div class=\"elementor-element elementor-element-b6254d7 e-con-full e-flex e-con e-child\" data-id=\"b6254d7\" data-element_type=\"container\" data-e-type=\"container\">\n\t\t\t\t<div class=\"elementor-element elementor-element-25640d1 elementor-widget-laptop__width-initial elementor-widget elementor-widget-text-editor\" data-id=\"25640d1\" data-element_type=\"widget\" data-e-type=\"widget\" data-widget_type=\"text-editor.default\">\n\t\t\t\t\t\t\t\t\t<div id=\"c7693\" class=\"frame frame-default frame-type-textpic frame-layout-0\"><div class=\"ce-textpic ce-center ce-above\"><div class=\"ce-bodytext\"><p>Con el fin de impulsar la sustentabilidad de una manera espec\u00edfica, hemos anclado el tema estrat\u00e9gicamente en nuestra empresa e instalado un sistema de gesti\u00f3n de la sustentabilidad. A mediados de 2021, comenzamos a trabajar activamente en nuestra estrategia de sustentabilidad. En un proceso de etapas m\u00faltiples, identificamos posibles medidas junto con toda la fuerza laboral. En nuestro equipo central de RSE, ahora hemos formulado medidas concretas y les hemos proporcionado un cronograma. Comenzaremos a implementarlas activamente a partir de 2022.    <\/p><\/div><\/div><\/div>\t\t\t\t\t\t\t\t<\/div>\n\t\t\t\t<\/div>\n\t\t\t\t\t<\/div>\n\t\t\t\t<\/div>\n\t\t<div class=\"elementor-element elementor-element-38d8eff e-flex e-con-boxed e-con e-parent\" data-id=\"38d8eff\" data-element_type=\"container\" data-e-type=\"container\">\n\t\t\t\t\t<div class=\"e-con-inner\">\n\t\t<div class=\"elementor-element elementor-element-33a0012 e-con-full e-flex e-con e-child\" data-id=\"33a0012\" data-element_type=\"container\" data-e-type=\"container\">\n\t\t\t\t<div class=\"elementor-element elementor-element-6988e4d elementor-widget elementor-widget-text-editor\" data-id=\"6988e4d\" data-element_type=\"widget\" data-e-type=\"widget\" data-widget_type=\"text-editor.default\">\n\t\t\t\t\t\t\t\t\t<h1><strong>NUESTROS CAMPOS<br>DE ACCI\u00d3N <\/strong><\/h1>\t\t\t\t\t\t\t\t<\/div>\n\t\t\t\t<\/div>\n\t\t<div class=\"elementor-element elementor-element-b5c1fbc e-con-full e-flex e-con e-child\" data-id=\"b5c1fbc\" data-element_type=\"container\" data-e-type=\"container\">\n\t\t\t\t<div class=\"elementor-element elementor-element-c2e7d6f elementor-widget-laptop__width-initial dce_masking-none elementor-widget elementor-widget-image\" data-id=\"c2e7d6f\" data-element_type=\"widget\" data-e-type=\"widget\" data-widget_type=\"image.default\">\n\t\t\t\t\t\t\t\t\t\t\t\t\t\t\t<img decoding=\"async\" src=\"https:\/\/www.agromed.at\/wp-content\/uploads\/fileadmin\/user_upload\/csm_C1O_Kl1UcAAmJUf_11ebd75654.png\" title=\"\" alt=\"\" loading=\"lazy\" \/>\t\t\t\t\t\t\t\t\t\t\t\t\t\t\t<\/div>\n\t\t\t\t<div class=\"elementor-element elementor-element-296843d elementor-widget-laptop__width-initial elementor-widget elementor-widget-text-editor\" data-id=\"296843d\" data-element_type=\"widget\" data-e-type=\"widget\" data-widget_type=\"text-editor.default\">\n\t\t\t\t\t\t\t\t\t<div id=\"c7693\" class=\"frame frame-default frame-type-textpic frame-layout-0\"><div class=\"ce-textpic ce-center ce-above\"><div class=\"ce-bodytext\"><p>Como parte de nuestra estrategia de sustentabilidad, vemos siete desaf\u00edos centrales para agromed en los que queremos hacer contribuciones significativas. <\/p><p>agromed establece aqu\u00ed metas ambiciosas para fortalecer a\u00fan m\u00e1s nuestro camino hacia un futuro sustentable. Estas \u00e1reas centrales contribuyen a los objetivos de desarrollo seleccionados por las Naciones Unidas: <\/p><ul><li>Desarrollo de productos<\/li><li>Empleados<\/li><li>Cadena de suministro<\/li><li>Anticorrupci\u00f3n y Cumplimiento<\/li><li>Econom\u00eda y Finanzas<\/li><\/ul><p> <\/p><p>Hemos implementado los campos de acci\u00f3n aqu\u00ed enumerados en nuestra estrategia corporativa. Mediante medidas espec\u00edficas, \u00abllenaremos de vida estos campos de acci\u00f3n\u00bb e integraremos activamente la sustentabilidad en el proceso de gesti\u00f3n. <\/p><\/div><\/div><\/div>\t\t\t\t\t\t\t\t<\/div>\n\t\t\t\t<\/div>\n\t\t\t\t\t<\/div>\n\t\t\t\t<\/div>\n\t\t\t\t<\/div>\n\t\t","protected":false},"excerpt":{"rendered":"<p>Con respeto por los animales, las personas y el medio ambiente Nuestro enfoque en productos a base de madera nos proporciona una base sustentable. Pero eso no es suficiente para nosotros. La sustentabilidad debe llegar m\u00e1s lejos. La sustentabilidad debe reflejarse en nuestra estrategia, nuestros procesos, la organizaci\u00f3n y en las acciones de nuestros empleados. [&hellip;]<\/p>\n","protected":false},"author":7,"featured_media":0,"parent":0,"menu_order":0,"comment_status":"closed","ping_status":"closed","template":"","meta":{"_acf_changed":false,"footnotes":""},"class_list":["post-3244","page","type-page","status-publish","hentry"],"acf":[],"_links":{"self":[{"href":"https:\/\/www.agromed.at\/es\/wp-json\/wp\/v2\/pages\/3244","targetHints":{"allow":["GET"]}}],"collection":[{"href":"https:\/\/www.agromed.at\/es\/wp-json\/wp\/v2\/pages"}],"about":[{"href":"https:\/\/www.agromed.at\/es\/wp-json\/wp\/v2\/types\/page"}],"author":[{"embeddable":true,"href":"https:\/\/www.agromed.at\/es\/wp-json\/wp\/v2\/users\/7"}],"replies":[{"embeddable":true,"href":"https:\/\/www.agromed.at\/es\/wp-json\/wp\/v2\/comments?post=3244"}],"version-history":[{"count":3,"href":"https:\/\/www.agromed.at\/es\/wp-json\/wp\/v2\/pages\/3244\/revisions"}],"predecessor-version":[{"id":3276,"href":"https:\/\/www.agromed.at\/es\/wp-json\/wp\/v2\/pages\/3244\/revisions\/3276"}],"wp:attachment":[{"href":"https:\/\/www.agromed.at\/es\/wp-json\/wp\/v2\/media?parent=3244"}],"curies":[{"name":"wp","href":"https:\/\/api.w.org\/{rel}","templated":true}]}}